{"id":132,"date":"2020-01-27T22:58:18","date_gmt":"2020-01-27T22:58:18","guid":{"rendered":"http:\/\/grimurkokkur.is\/?post_type=product&#038;p=132"},"modified":"2024-11-01T14:25:09","modified_gmt":"2024-11-01T14:25:09","slug":"braudadar-indverskar-graenmetisbollur-med-dodlumauki","status":"publish","type":"product","link":"https:\/\/grimurkokkur.is\/en\/product\/braudadar-indverskar-graenmetisbollur-med-dodlumauki\/","title":{"rendered":"Brau\u00f0a\u00f0ar indverskar gr\u00e6nmetisbollur me\u00f0 d\u00f6\u00f0lumauki"},"content":{"rendered":"<p>Brag\u00f0g\u00f3\u00f0ar brau\u00f0a\u00f0ar indverskar gr\u00e6nmetisbollur fylltar me\u00f0 d\u00f6\u00f0lumauki.<\/p>\n<p><strong>Eldunara\u00f0fer\u00f0:<\/strong><\/p>\n<p>Bollurnar eru fullelda\u00f0ar og \u00fev\u00ed \u00fearf bara a\u00f0 hita \u00fe\u00e6r upp:<\/p>\n<p>\u00cd ofni: 12-15 m\u00edn \u00e1 180\u00b0C<\/p>\n<p>Airfryer: 10 m\u00edn \u00e1 200\u00b0C<\/p>\n<p>Gott me\u00f0 fersku salati og j\u00f3g\u00farts\u00f3su<\/p>\n<p>\u00deessi vara er seld \u00ed eftirfarandi pakkningum:<\/p>\n<p>5kg<\/p>\n","protected":false},"excerpt":{"rendered":"<p><span style=\"text-decoration: underline;\"><strong>Innihaldsefni:\u00a0<\/strong><\/span><\/p>\n<p>Kart\u00f6flur, gulr\u00e6tur, hr\u00edsgrj\u00f3n, s\u00e6tar kart\u00f6flur, laukur, hv\u00edtlaukur, paprika, salt, broddk\u00famen, repjuol\u00eda, d\u00f6\u00f0lur (7%), vatn, rasp (hveiti, vatn, ger, litarefni (E160b, E160c, E100)), deig (hveiti, ma\u00edsmj\u00f6l, umbreytt hveitisterkja, ma\u00edssterkja), gr\u00e6nmetiskraftur, t\u00farmerik, svartur pipar, steinselja, chili pipar.<\/p>\n<p>Steikt upp \u00far repjuol\u00edu.<\/p>\n<p><span style=\"text-decoration: underline;\"><strong>N\u00e6ringargildi:<\/strong><\/span><\/p>\n<p>Orka 789,3 kj \/ 188,9 kcal,<br \/>\nFita 4,9 \u00fear af mettu\u00f0 fita 0,3 ,<br \/>\nKolvetni 32,6 ,<br \/>\nProtein 3,6 ,<br \/>\nSalt 1,7<\/p>\n","protected":false},"featured_media":978,"template":"","meta":[],"yoast_head":"<!-- This site is optimized with the Yoast SEO plugin v15.6.2 - https:\/\/yoast.com\/wordpress\/plugins\/seo\/ -->\n<title>Brau\u00f0a\u00f0ar indverskar gr\u00e6nmetisbollur me\u00f0 d\u00f6\u00f0lumauki - Gr\u00edmur Kokkur<\/title>\n<meta name=\"robots\" content=\"index, follow, max-snippet:-1, max-image-preview:large, max-video-preview:-1\" \/>\n<link rel=\"canonical\" href=\"https:\/\/grimurkokkur.is\/en\/product\/braudadar-indverskar-graenmetisbollur-med-dodlumauki\/\" \/>\n<meta property=\"og:locale\" content=\"en_US\" \/>\n<meta property=\"og:type\" content=\"article\" \/>\n<meta property=\"og:title\" content=\"Brau\u00f0a\u00f0ar indverskar gr\u00e6nmetisbollur me\u00f0 d\u00f6\u00f0lumauki - Gr\u00edmur Kokkur\" \/>\n<meta property=\"og:description\" content=\"Innihaldsefni:\u00a0  Kart\u00f6flur, gulr\u00e6tur, hr\u00edsgrj\u00f3n, s\u00e6tar kart\u00f6flur, laukur, hv\u00edtlaukur, paprika, salt, broddk\u00famen, repjuol\u00eda, d\u00f6\u00f0lur (7%), vatn, rasp (hveiti, vatn, ger, litarefni (E160b, E160c, E100)), deig (hveiti, ma\u00edsmj\u00f6l, umbreytt hveitisterkja, ma\u00edssterkja), gr\u00e6nmetiskraftur, t\u00farmerik, svartur pipar, steinselja, chili pipar.  Steikt upp \u00far repjuol\u00edu.  N\u00e6ringargildi:  Orka 789,3 kj \/ 188,9 kcal, Fita 4,9 \u00fear af mettu\u00f0 fita 0,3 , Kolvetni 32,6 , Protein 3,6 , Salt 1,7\" \/>\n<meta property=\"og:url\" content=\"https:\/\/grimurkokkur.is\/product\/braudadar-indverskar-graenmetisbollur-med-dodlumauki\/\" \/>\n<meta property=\"og:site_name\" content=\"Gr\u00edmur Kokkur\" \/>\n<meta property=\"article:modified_time\" content=\"2024-11-01T14:25:09+00:00\" \/>\n<meta property=\"og:image\" content=\"https:\/\/grimurkokkur.is\/wp-content\/uploads\/2020\/01\/IMG_0050-scaled.jpg\" \/>\n\t<meta property=\"og:image:width\" content=\"2560\" \/>\n\t<meta property=\"og:image:height\" content=\"1707\" \/>\n<meta name=\"twitter:card\" content=\"summary_large_image\" \/>\n<meta name=\"twitter:label1\" content=\"Est. reading time\">\n\t<meta name=\"twitter:data1\" content=\"1 minute\">\n<script type=\"application\/ld+json\" class=\"yoast-schema-graph\">{\"@context\":\"https:\/\/schema.org\",\"@graph\":[{\"@type\":\"WebSite\",\"@id\":\"https:\/\/grimurkokkur.is\/#website\",\"url\":\"https:\/\/grimurkokkur.is\/\",\"name\":\"Gr\\u00edmur Kokkur\",\"description\":\"\",\"potentialAction\":[{\"@type\":\"SearchAction\",\"target\":\"https:\/\/grimurkokkur.is\/?s={search_term_string}\",\"query-input\":\"required name=search_term_string\"}],\"inLanguage\":\"en-US\"},{\"@type\":\"ImageObject\",\"@id\":\"https:\/\/grimurkokkur.is\/product\/braudadar-indverskar-graenmetisbollur-med-dodlumauki\/#primaryimage\",\"inLanguage\":\"en-US\",\"url\":\"https:\/\/grimurkokkur.is\/wp-content\/uploads\/2020\/01\/IMG_0050-scaled.jpg\",\"width\":2560,\"height\":1707},{\"@type\":\"WebPage\",\"@id\":\"https:\/\/grimurkokkur.is\/product\/braudadar-indverskar-graenmetisbollur-med-dodlumauki\/#webpage\",\"url\":\"https:\/\/grimurkokkur.is\/product\/braudadar-indverskar-graenmetisbollur-med-dodlumauki\/\",\"name\":\"Brau\\u00f0a\\u00f0ar indverskar gr\\u00e6nmetisbollur me\\u00f0 d\\u00f6\\u00f0lumauki - Gr\\u00edmur Kokkur\",\"isPartOf\":{\"@id\":\"https:\/\/grimurkokkur.is\/#website\"},\"primaryImageOfPage\":{\"@id\":\"https:\/\/grimurkokkur.is\/product\/braudadar-indverskar-graenmetisbollur-med-dodlumauki\/#primaryimage\"},\"datePublished\":\"2020-01-27T22:58:18+00:00\",\"dateModified\":\"2024-11-01T14:25:09+00:00\",\"inLanguage\":\"en-US\",\"potentialAction\":[{\"@type\":\"ReadAction\",\"target\":[\"https:\/\/grimurkokkur.is\/product\/braudadar-indverskar-graenmetisbollur-med-dodlumauki\/\"]}]}]}<\/script>\n<!-- \/ Yoast SEO plugin. -->","_links":{"self":[{"href":"https:\/\/grimurkokkur.is\/en\/wp-json\/wp\/v2\/product\/132"}],"collection":[{"href":"https:\/\/grimurkokkur.is\/en\/wp-json\/wp\/v2\/product"}],"about":[{"href":"https:\/\/grimurkokkur.is\/en\/wp-json\/wp\/v2\/types\/product"}],"wp:featuredmedia":[{"embeddable":true,"href":"https:\/\/grimurkokkur.is\/en\/wp-json\/wp\/v2\/media\/978"}],"wp:attachment":[{"href":"https:\/\/grimurkokkur.is\/en\/wp-json\/wp\/v2\/media?parent=132"}],"curies":[{"name":"wp","href":"https:\/\/api.w.org\/{rel}","templated":true}]}}