{"id":837,"date":"2020-01-27T22:09:55","date_gmt":"2020-01-27T22:09:55","guid":{"rendered":"https:\/\/grimurkokkur.is\/product\/fish-balls\/"},"modified":"2021-01-25T01:28:22","modified_gmt":"2021-01-25T01:28:22","slug":"fish-balls","status":"publish","type":"product","link":"https:\/\/grimurkokkur.is\/en\/product\/fish-balls\/","title":{"rendered":"Fish balls"},"content":{"rendered":"<div>Gr\u00edms fiskibollur eru lj\u00faffengar og brag\u00f0g\u00f3\u00f0ar og margir vi\u00f0skiptavinir Gr\u00edms kokks hafa sagt a\u00f0 \u00fe\u00e6r minni helst \u00e1 fiskibollurnar hennar m\u00f6mmu. \u00deetta er gamall \u00edslenskur r\u00e9ttur sem er \u00fe\u00f3 alltaf jafn vins\u00e6ll me\u00f0al landsmanna. Pr\u00f3fa\u00f0u \u00feessar fr\u00e1b\u00e6ru fiskibollur og \u00fe\u00fa ver\u00f0ur ekki fyrir vonbrig\u00f0um.<\/div>\n<div>Fiskibollurnar eru fullelda\u00f0ar, a\u00f0eins \u00fearf a\u00f0 hita \u00fe\u00e6r upp \u00ed ofni, \u00e1 p\u00f6nnu e\u00f0a \u00ed \u00f6rbylgjuofni.<\/div>\n<div><\/div>\n<div>\n<div>&#8211; Hiti\u00f0 \u00ed ofni \u00ed 8-10 m\u00edn\u00fatur vi\u00f0 180\u00b0C ef bollurnar eru frosnar \u00fearf 15-20 m\u00edn\u00fatur.<\/div>\n<div>&#8211; Hiti\u00f0 \u00e1 p\u00f6nnu \u00fear til \u00fe\u00e6r eru gegnum heitar.<\/div>\n<div>&#8211; Hiti\u00f0 \u00ed \u00f6rbylgjuofni \u00ed 3-4 m\u00edn\u00fatur.<\/div>\n<div><\/div>\n<div>Ath! Ofnar eru mismunandi a\u00f0 ger\u00f0 og g\u00e6\u00f0um, og er upphitunart\u00edminn a\u00f0eins til vi\u00f0mi\u00f0unar.<\/div>\n<div><\/div>\n<p><strong>Gr\u00edmur kokkur m\u00e6lir me\u00f0:<\/strong><\/p>\n<\/div>\n<div>So\u00f0num kart\u00f6flum, salati, br\u00fanni s\u00f3su me\u00f0 e\u00f0a \u00e1n lauks, lauksmj\u00f6ri e\u00f0a karr\u00fd s\u00f3su.<\/div>\n","protected":false},"excerpt":{"rendered":"<p><u><strong>Ingredients:<\/strong><\/u><\/p>\n<p>\u00deorskur (75%), laukur, kryddblanda (<strong><em>hveiti<\/em><\/strong>, kart\u00f6flusterkja, salt,\u00a0<strong><em>lakt\u00f3sa<\/em><\/strong>,\u00a0aroma,\u00a0krydd (pipar,\u00a0<strong><em>seller\u00ed<\/em><\/strong>, k\u00fark\u00fama), s\u00f3lbl\u00f3maol\u00eda, hv\u00edtlaukur, laukur, kekkjavarnarefni (E551)),\u00a0<strong><em>hveiti\u00a0<\/em><\/strong>trefjar,\u00a0<strong><em>egg\u00a0<\/em><\/strong>(rotvarnarefni (E211), s\u00fdra (E330))<strong><em>.<\/em><\/strong>\u00a0Steikt upp \u00far repjuol\u00edu.<\/p>\n<p>&nbsp;<\/p>\n<p style=\"font-weight: 400;\"><u><strong>Nutritional value in 100 g:<\/strong><\/u><\/p>\n<p style=\"font-weight: 400;\">Orka 644 kJ \/ 153 kkal<br \/>\nFita 2,9 g<br \/>\n&#8211; \u00fear af mettu\u00f0 fita 0,3 g<br \/>\nKolvetni 21,4 g<br \/>\n&#8211; \u00fear af sykurtegundir 1,2 g<br \/>\nPr\u00f3tein 10,4 g<br \/>\nSalt 1,0 g<\/p>\n","protected":false},"featured_media":692,"template":"","meta":[],"yoast_head":"<!-- This site is optimized with the Yoast SEO plugin v15.6.2 - https:\/\/yoast.com\/wordpress\/plugins\/seo\/ -->\n<title>Fish balls - Gr\u00edmur Kokkur<\/title>\n<meta name=\"robots\" content=\"index, follow, max-snippet:-1, max-image-preview:large, max-video-preview:-1\" \/>\n<link rel=\"canonical\" href=\"https:\/\/grimurkokkur.is\/en\/product\/fish-balls\/\" \/>\n<meta property=\"og:locale\" content=\"en_US\" \/>\n<meta property=\"og:type\" content=\"article\" \/>\n<meta property=\"og:title\" content=\"Fish balls - Gr\u00edmur Kokkur\" \/>\n<meta property=\"og:description\" content=\"Ingredients:  \u00deorskur (75%), laukur, kryddblanda (hveiti, kart\u00f6flusterkja, salt,\u00a0lakt\u00f3sa,\u00a0aroma,\u00a0krydd (pipar,\u00a0seller\u00ed, k\u00fark\u00fama), s\u00f3lbl\u00f3maol\u00eda, hv\u00edtlaukur, laukur, kekkjavarnarefni (E551)),\u00a0hveiti\u00a0trefjar,\u00a0egg\u00a0(rotvarnarefni (E211), s\u00fdra (E330)).\u00a0Steikt upp \u00far repjuol\u00edu.  &nbsp; Nutritional value in 100 g: Orka 644 kJ \/ 153 kkal Fita 2,9 g - \u00fear af mettu\u00f0 fita 0,3 g Kolvetni 21,4 g - \u00fear af sykurtegundir 1,2 g Pr\u00f3tein 10,4 g Salt 1,0 g\" \/>\n<meta property=\"og:url\" content=\"https:\/\/grimurkokkur.is\/en\/product\/fish-balls\/\" \/>\n<meta property=\"og:site_name\" content=\"Gr\u00edmur Kokkur\" \/>\n<meta property=\"article:modified_time\" content=\"2021-01-25T01:28:22+00:00\" \/>\n<meta name=\"twitter:card\" content=\"summary_large_image\" \/>\n<meta name=\"twitter:label1\" content=\"Est. reading time\">\n\t<meta name=\"twitter:data1\" content=\"1 minute\">\n<script type=\"application\/ld+json\" class=\"yoast-schema-graph\">{\"@context\":\"https:\/\/schema.org\",\"@graph\":[{\"@type\":\"WebSite\",\"@id\":\"https:\/\/grimurkokkur.is\/#website\",\"url\":\"https:\/\/grimurkokkur.is\/\",\"name\":\"Gr\\u00edmur Kokkur\",\"description\":\"\",\"potentialAction\":[{\"@type\":\"SearchAction\",\"target\":\"https:\/\/grimurkokkur.is\/?s={search_term_string}\",\"query-input\":\"required name=search_term_string\"}],\"inLanguage\":\"en-US\"},{\"@type\":\"ImageObject\",\"@id\":\"https:\/\/grimurkokkur.is\/en\/product\/fish-balls\/#primaryimage\",\"inLanguage\":\"en-US\",\"url\":\"https:\/\/grimurkokkur.is\/wp-content\/uploads\/2020\/01\/fiskibollur-scaled.jpg\",\"width\":2560,\"height\":1707},{\"@type\":\"WebPage\",\"@id\":\"https:\/\/grimurkokkur.is\/en\/product\/fish-balls\/#webpage\",\"url\":\"https:\/\/grimurkokkur.is\/en\/product\/fish-balls\/\",\"name\":\"Fish balls - Gr\\u00edmur Kokkur\",\"isPartOf\":{\"@id\":\"https:\/\/grimurkokkur.is\/#website\"},\"primaryImageOfPage\":{\"@id\":\"https:\/\/grimurkokkur.is\/en\/product\/fish-balls\/#primaryimage\"},\"datePublished\":\"2020-01-27T22:09:55+00:00\",\"dateModified\":\"2021-01-25T01:28:22+00:00\",\"inLanguage\":\"en-US\",\"potentialAction\":[{\"@type\":\"ReadAction\",\"target\":[\"https:\/\/grimurkokkur.is\/en\/product\/fish-balls\/\"]}]}]}<\/script>\n<!-- \/ Yoast SEO plugin. -->","_links":{"self":[{"href":"https:\/\/grimurkokkur.is\/en\/wp-json\/wp\/v2\/product\/837"}],"collection":[{"href":"https:\/\/grimurkokkur.is\/en\/wp-json\/wp\/v2\/product"}],"about":[{"href":"https:\/\/grimurkokkur.is\/en\/wp-json\/wp\/v2\/types\/product"}],"wp:featuredmedia":[{"embeddable":true,"href":"https:\/\/grimurkokkur.is\/en\/wp-json\/wp\/v2\/media\/692"}],"wp:attachment":[{"href":"https:\/\/grimurkokkur.is\/en\/wp-json\/wp\/v2\/media?parent=837"}],"curies":[{"name":"wp","href":"https:\/\/api.w.org\/{rel}","templated":true}]}}