{"id":840,"date":"2020-01-27T23:01:36","date_gmt":"2020-01-27T23:01:36","guid":{"rendered":"https:\/\/grimurkokkur.is\/product\/fish-fingers\/"},"modified":"2020-01-27T23:01:36","modified_gmt":"2020-01-27T23:01:36","slug":"fish-fingers","status":"publish","type":"product","link":"https:\/\/grimurkokkur.is\/en\/product\/fish-fingers\/","title":{"rendered":"Fish fingers"},"content":{"rendered":"<div class=\"vara-nofloat\">\n<p>Forsteiktar fiskistangir er vara sem slegi\u00f0 hefur \u00ed gegn hj\u00e1 b\u00e6\u00f0i fullor\u00f0num og b\u00f6rnum.<\/p>\n<p>Gl\u00e6n\u00fdr \u00feorskur hj\u00fapa\u00f0ur me\u00f0 raspi. Stangirnar eru s\u00e9rlega lj\u00faffengar \u00feegar raspurinn er or\u00f0inn st\u00f6kkur eftir eldun.<\/p>\n<div><\/div>\n<div><b>Upphitunara\u00f0fer\u00f0:<\/b>\u00a0Hiti\u00f0 ofninn \u00ed 185\u00b0C. Setji\u00f0 stangirnar frosnar inn og hiti\u00f0 \u00ed 12-15 m\u00edn\u00fatur.<\/div>\n<p>Ath! Ofnar eru mismunandi a\u00f0 ger\u00f0 og g\u00e6\u00f0um, og er upphitunart\u00edminn a\u00f0eins til vi\u00f0mi\u00f0unar.<\/p>\n<div><\/div>\n<\/div>\n<div class=\"vara-float\">\n<p><b>Gr\u00edmur kokkur m\u00e6lir me\u00f0:\u00a0<\/b>Kart\u00f6flum so\u00f0num e\u00f0a steiktum, kokteil-, t\u00f3mat- e\u00f0a hollandaises\u00f3su og salati.<\/p>\n<\/div>\n","protected":false},"excerpt":{"rendered":"<p><u><b>Ingredients<\/b>:<\/u><\/p>\n<p>\u00deorskur (75%), rasp (<b><i>hveiti,<\/i><\/b><i>\u00a0<\/i>vatn, ger, litarefni (E160b, E160c, E100)), deig\u00a0(ma\u00edsmj\u00f6l, umbreytt\u00a0<b><i>hveitisterkja<\/i><\/b>, ma\u00edssterkja), laukduft, salt, pipar.<\/p>\n<p>Steikt upp \u00far repjuol\u00edu.<\/p>\n<p>Varan inniheldur enginn rotvarnarefni e\u00f0a msg.<\/p>\n<p>&nbsp;<\/p>\n<p><strong><u>Nutritional value in 100 g:<\/u><\/strong><\/p>\n<p>Orka 730 kJ \/ 174 kkal<br \/>\nFita 7,4 g<br \/>\n&#8211; \u00fear af mettu\u00f0 fita 0,7 g<br \/>\nKolvetni 13,4 g<br \/>\n&#8211; \u00fear af sykurtegundir 0,0 g<br \/>\nPr\u00f3tein 13,4 g<br \/>\nSalt 1,1 g<\/p>\n","protected":false},"featured_media":673,"template":"","meta":[],"yoast_head":"<!-- This site is optimized with the Yoast SEO plugin v15.6.2 - https:\/\/yoast.com\/wordpress\/plugins\/seo\/ -->\n<title>Fish fingers - Gr\u00edmur Kokkur<\/title>\n<meta name=\"robots\" content=\"index, follow, max-snippet:-1, max-image-preview:large, max-video-preview:-1\" \/>\n<link rel=\"canonical\" href=\"https:\/\/grimurkokkur.is\/en\/product\/fish-fingers\/\" \/>\n<meta property=\"og:locale\" content=\"en_US\" \/>\n<meta property=\"og:type\" content=\"article\" \/>\n<meta property=\"og:title\" content=\"Fish fingers - Gr\u00edmur Kokkur\" \/>\n<meta property=\"og:description\" content=\"Ingredients:  \u00deorskur (75%), rasp (hveiti,\u00a0vatn, ger, litarefni (E160b, E160c, E100)), deig\u00a0(ma\u00edsmj\u00f6l, umbreytt\u00a0hveitisterkja, ma\u00edssterkja), laukduft, salt, pipar.  Steikt upp \u00far repjuol\u00edu.  Varan inniheldur enginn rotvarnarefni e\u00f0a msg.  &nbsp;  Nutritional value in 100 g:  Orka 730 kJ \/ 174 kkal Fita 7,4 g - \u00fear af mettu\u00f0 fita 0,7 g Kolvetni 13,4 g - \u00fear af sykurtegundir 0,0 g Pr\u00f3tein 13,4 g Salt 1,1 g\" \/>\n<meta property=\"og:url\" content=\"https:\/\/grimurkokkur.is\/en\/product\/fish-fingers\/\" \/>\n<meta property=\"og:site_name\" content=\"Gr\u00edmur Kokkur\" \/>\n<meta name=\"twitter:card\" content=\"summary_large_image\" \/>\n<script type=\"application\/ld+json\" class=\"yoast-schema-graph\">{\"@context\":\"https:\/\/schema.org\",\"@graph\":[{\"@type\":\"WebSite\",\"@id\":\"https:\/\/grimurkokkur.is\/#website\",\"url\":\"https:\/\/grimurkokkur.is\/\",\"name\":\"Gr\\u00edmur Kokkur\",\"description\":\"\",\"potentialAction\":[{\"@type\":\"SearchAction\",\"target\":\"https:\/\/grimurkokkur.is\/?s={search_term_string}\",\"query-input\":\"required name=search_term_string\"}],\"inLanguage\":\"en-US\"},{\"@type\":\"ImageObject\",\"@id\":\"https:\/\/grimurkokkur.is\/en\/product\/fish-fingers\/#primaryimage\",\"inLanguage\":\"en-US\",\"url\":\"https:\/\/grimurkokkur.is\/wp-content\/uploads\/2020\/01\/fiskistangir-scaled.jpg\",\"width\":2560,\"height\":1707},{\"@type\":\"WebPage\",\"@id\":\"https:\/\/grimurkokkur.is\/en\/product\/fish-fingers\/#webpage\",\"url\":\"https:\/\/grimurkokkur.is\/en\/product\/fish-fingers\/\",\"name\":\"Fish fingers - Gr\\u00edmur Kokkur\",\"isPartOf\":{\"@id\":\"https:\/\/grimurkokkur.is\/#website\"},\"primaryImageOfPage\":{\"@id\":\"https:\/\/grimurkokkur.is\/en\/product\/fish-fingers\/#primaryimage\"},\"datePublished\":\"2020-01-27T23:01:36+00:00\",\"dateModified\":\"2020-01-27T23:01:36+00:00\",\"inLanguage\":\"en-US\",\"potentialAction\":[{\"@type\":\"ReadAction\",\"target\":[\"https:\/\/grimurkokkur.is\/en\/product\/fish-fingers\/\"]}]}]}<\/script>\n<!-- \/ Yoast SEO plugin. -->","_links":{"self":[{"href":"https:\/\/grimurkokkur.is\/en\/wp-json\/wp\/v2\/product\/840"}],"collection":[{"href":"https:\/\/grimurkokkur.is\/en\/wp-json\/wp\/v2\/product"}],"about":[{"href":"https:\/\/grimurkokkur.is\/en\/wp-json\/wp\/v2\/types\/product"}],"wp:featuredmedia":[{"embeddable":true,"href":"https:\/\/grimurkokkur.is\/en\/wp-json\/wp\/v2\/media\/673"}],"wp:attachment":[{"href":"https:\/\/grimurkokkur.is\/en\/wp-json\/wp\/v2\/media?parent=840"}],"curies":[{"name":"wp","href":"https:\/\/api.w.org\/{rel}","templated":true}]}}