{"id":841,"date":"2020-01-27T22:43:17","date_gmt":"2020-01-27T22:43:17","guid":{"rendered":"https:\/\/grimurkokkur.is\/product\/lobster-soup\/"},"modified":"2020-01-27T22:43:17","modified_gmt":"2020-01-27T22:43:17","slug":"lobster-soup","status":"publish","type":"product","link":"https:\/\/grimurkokkur.is\/en\/product\/lobster-soup\/","title":{"rendered":"Lobster soup"},"content":{"rendered":"<p>Me\u00f0 metna\u00f0arfyllstu v\u00f6rutegundum okkar. Einstaklega brag\u00f0g\u00f3\u00f0 fyrir s\u00e6lkera. S\u00fapan er fulleldu\u00f0 og a\u00f0eins \u00fearf a\u00f0 hita hana upp. Krafturinn er so\u00f0inn \u00far humarkl\u00f3m og \u00far \u00fev\u00ed ger\u00f0 kraftmikil humars\u00fapa sem hva\u00f0a veitingarsta\u00f0ur v\u00e6ri stoltur af.<br \/>\nGr\u00edmur kokkur m\u00e6lir me\u00f0 a\u00f0 steiktir s\u00e9u humarhalar e\u00f0a anna\u00f0 sj\u00e1varfang og b\u00e6tt \u00fat \u00ed s\u00fapuna. Gott er a\u00f0 hafa me\u00f0 s\u00fapunni hv\u00edtlauksbrau\u00f0 e\u00f0a volg sm\u00e1brau\u00f0. Himneskt a\u00f0 nj\u00f3ta \u00ed g\u00f3\u00f0um f\u00e9lagsskap me\u00f0 sj\u00e1lfum s\u00e9r e\u00f0a \u00f6\u00f0rum.<\/p>\n","protected":false},"excerpt":{"rendered":"<p><u><strong>Ingredients:<\/strong><\/u><\/p>\n<p>Humarso\u00f0 (70%) (vatn, humarkl\u00e6r, t\u00f3mat\u00feykkni (t\u00f3matar), gulr\u00e6tur, laukur, hv\u00edtlaukur, svartur pipar, m\u00faskat, stj\u00f6rnuanis, l\u00e1rvi\u00f0arlauf), <strong><em>jurtarj\u00f3mi<\/em><\/strong> (<em><strong>\u00e1fir<\/strong><\/em>\u00a0(\u00far <strong><em>mj\u00f3lk<\/em><\/strong>), p\u00e1lmakjarnaol\u00eda, k\u00f3kosol\u00eda, repjuol\u00eda, umbreytt <strong><em>sterkja<\/em><\/strong>, \u00fdruefni (E472b, E435, E433), brag\u00f0efni, bindiefni (E407), litarefni (E160e)), <strong><em>smj\u00f6r, hveiti<\/em><\/strong>, smj\u00f6rl\u00edki transfitulaust (p\u00e1lmaol\u00eda, k\u00f3kosol\u00eda, repjuol\u00eda, \u00fdruefni (E322, E471), s\u00fdrur (E330), litarefni (E160a), n\u00e1tt\u00farleg brag\u00f0efni), humarbrag\u00f0efni (hv\u00edtv\u00edn, <strong><em>fiskur, seller\u00ed, <\/em><\/strong>mj\u00f3lkurs\u00fdra, kart\u00f6flusterkja, rotvarnarefni (E202)), s\u00edtr\u00f3nusafi (rotvarnarefni (<strong><em>E224<\/em><\/strong>)), brand\u00ed, kraftur (vatnsrofin gr\u00e6nmetispr\u00f3tein (inniheldur <strong><em>soja<\/em><\/strong>), p\u00e1lmaol\u00eda, m\u00faskat bl\u00f3m, <strong><em>seller\u00ed<\/em><\/strong> fr\u00e6)), karr\u00fd, rau\u00f0ur pipar, paprika.<\/p>\n<p><u><strong>Nutritional value in 100 g<\/strong>:<\/u><\/p>\n<p>Orka 512 kJ \/ 122 kkal<br \/>\nFita 10,8 g<br \/>\n&#8211; \u00fear af mettu\u00f0 fita 7,0 g<br \/>\nKolvetni 4,4 g<br \/>\n&#8211; \u00fear af sykurtegundir 0,8 g<br \/>\nPr\u00f3tein 1,8 g<br \/>\nSalt 0,7g<\/p>\n","protected":false},"featured_media":675,"template":"","meta":[],"yoast_head":"<!-- This site is optimized with the Yoast SEO plugin v15.6.2 - https:\/\/yoast.com\/wordpress\/plugins\/seo\/ -->\n<title>Lobster soup - Gr\u00edmur Kokkur<\/title>\n<meta name=\"robots\" content=\"index, follow, max-snippet:-1, max-image-preview:large, max-video-preview:-1\" \/>\n<link rel=\"canonical\" href=\"https:\/\/grimurkokkur.is\/en\/product\/lobster-soup\/\" \/>\n<meta property=\"og:locale\" content=\"en_US\" \/>\n<meta property=\"og:type\" content=\"article\" \/>\n<meta property=\"og:title\" content=\"Lobster soup - Gr\u00edmur Kokkur\" \/>\n<meta property=\"og:description\" content=\"Ingredients:  Humarso\u00f0 (70%) (vatn, humarkl\u00e6r, t\u00f3mat\u00feykkni (t\u00f3matar), gulr\u00e6tur, laukur, hv\u00edtlaukur, svartur pipar, m\u00faskat, stj\u00f6rnuanis, l\u00e1rvi\u00f0arlauf), jurtarj\u00f3mi (\u00e1fir\u00a0(\u00far mj\u00f3lk), p\u00e1lmakjarnaol\u00eda, k\u00f3kosol\u00eda, repjuol\u00eda, umbreytt sterkja, \u00fdruefni (E472b, E435, E433), brag\u00f0efni, bindiefni (E407), litarefni (E160e)), smj\u00f6r, hveiti, smj\u00f6rl\u00edki transfitulaust (p\u00e1lmaol\u00eda, k\u00f3kosol\u00eda, repjuol\u00eda, \u00fdruefni (E322, E471), s\u00fdrur (E330), litarefni (E160a), n\u00e1tt\u00farleg brag\u00f0efni), humarbrag\u00f0efni (hv\u00edtv\u00edn, fiskur, seller\u00ed, mj\u00f3lkurs\u00fdra, kart\u00f6flusterkja, rotvarnarefni (E202)), s\u00edtr\u00f3nusafi (rotvarnarefni (E224)), brand\u00ed, kraftur (vatnsrofin gr\u00e6nmetispr\u00f3tein (inniheldur soja), p\u00e1lmaol\u00eda, m\u00faskat bl\u00f3m, seller\u00ed fr\u00e6)), karr\u00fd, rau\u00f0ur pipar, paprika.  Nutritional value in 100 g:  Orka 512 kJ \/ 122 kkal Fita 10,8 g - \u00fear af mettu\u00f0 fita 7,0 g Kolvetni 4,4 g - \u00fear af sykurtegundir 0,8 g Pr\u00f3tein 1,8 g Salt 0,7g\" \/>\n<meta property=\"og:url\" content=\"https:\/\/grimurkokkur.is\/en\/product\/lobster-soup\/\" \/>\n<meta property=\"og:site_name\" content=\"Gr\u00edmur Kokkur\" \/>\n<meta name=\"twitter:card\" content=\"summary_large_image\" \/>\n<script type=\"application\/ld+json\" class=\"yoast-schema-graph\">{\"@context\":\"https:\/\/schema.org\",\"@graph\":[{\"@type\":\"WebSite\",\"@id\":\"https:\/\/grimurkokkur.is\/#website\",\"url\":\"https:\/\/grimurkokkur.is\/\",\"name\":\"Gr\\u00edmur Kokkur\",\"description\":\"\",\"potentialAction\":[{\"@type\":\"SearchAction\",\"target\":\"https:\/\/grimurkokkur.is\/?s={search_term_string}\",\"query-input\":\"required name=search_term_string\"}],\"inLanguage\":\"en-US\"},{\"@type\":\"ImageObject\",\"@id\":\"https:\/\/grimurkokkur.is\/en\/product\/lobster-soup\/#primaryimage\",\"inLanguage\":\"en-US\",\"url\":\"https:\/\/grimurkokkur.is\/wp-content\/uploads\/2020\/01\/humarsupa-scaled.jpg\",\"width\":2560,\"height\":1707},{\"@type\":\"WebPage\",\"@id\":\"https:\/\/grimurkokkur.is\/en\/product\/lobster-soup\/#webpage\",\"url\":\"https:\/\/grimurkokkur.is\/en\/product\/lobster-soup\/\",\"name\":\"Lobster soup - Gr\\u00edmur Kokkur\",\"isPartOf\":{\"@id\":\"https:\/\/grimurkokkur.is\/#website\"},\"primaryImageOfPage\":{\"@id\":\"https:\/\/grimurkokkur.is\/en\/product\/lobster-soup\/#primaryimage\"},\"datePublished\":\"2020-01-27T22:43:17+00:00\",\"dateModified\":\"2020-01-27T22:43:17+00:00\",\"inLanguage\":\"en-US\",\"potentialAction\":[{\"@type\":\"ReadAction\",\"target\":[\"https:\/\/grimurkokkur.is\/en\/product\/lobster-soup\/\"]}]}]}<\/script>\n<!-- \/ Yoast SEO plugin. -->","_links":{"self":[{"href":"https:\/\/grimurkokkur.is\/en\/wp-json\/wp\/v2\/product\/841"}],"collection":[{"href":"https:\/\/grimurkokkur.is\/en\/wp-json\/wp\/v2\/product"}],"about":[{"href":"https:\/\/grimurkokkur.is\/en\/wp-json\/wp\/v2\/types\/product"}],"wp:featuredmedia":[{"embeddable":true,"href":"https:\/\/grimurkokkur.is\/en\/wp-json\/wp\/v2\/media\/675"}],"wp:attachment":[{"href":"https:\/\/grimurkokkur.is\/en\/wp-json\/wp\/v2\/media?parent=841"}],"curies":[{"name":"wp","href":"https:\/\/api.w.org\/{rel}","templated":true}]}}