{"id":842,"date":"2020-01-27T22:25:54","date_gmt":"2020-01-27T22:25:54","guid":{"rendered":"https:\/\/grimurkokkur.is\/product\/fish-cakes\/"},"modified":"2020-01-27T22:25:54","modified_gmt":"2020-01-27T22:25:54","slug":"fish-cakes","status":"publish","type":"product","link":"https:\/\/grimurkokkur.is\/en\/product\/fish-cakes\/","title":{"rendered":"Fish cakes"},"content":{"rendered":"<div class=\"vara-nofloat\">\n<div>Fiskibuffi\u00f0 er gert \u00far n\u00fdjum \u00feorski eins og fiskibollurnar, nema \u00fearna er b\u00fai\u00f0 a\u00f0 krydda deigi\u00f0 \u00f6rl\u00edti\u00f0 til me\u00f0 hv\u00edtlauk, \u00fe\u00f3 \u00fea\u00f0 s\u00e9 ekki miki\u00f0 hv\u00edtlauksbrag\u00f0. Svo eru ger\u00f0 buff \u00far \u00fev\u00ed sem eru fulleldu\u00f0 og \u00fearf a\u00f0eins a\u00f0 hita upp. B\u00e6\u00f0i krakkar og fullor\u00f0nir eru hrifnir af \u00feessari v\u00f6ru.<\/div>\n<div><\/div>\n<\/div>\n<div class=\"vara-float\">\n<p>Fulleldu\u00f0 vara, a\u00f0eins \u00fearf a\u00f0 hita upp \u00ed ofni e\u00f0a \u00ed \u00f6rbylgjuofni.<\/p>\n<div><strong>Gr\u00edmur kokkur m\u00e6lir me\u00f0:\u00a0<\/strong>Hollandaise- e\u00f0a karr\u00fds\u00f3su, \u00e1samt salati, hr\u00edsgrj\u00f3num e\u00f0a kart\u00f6flum.<\/div>\n<\/div>\n","protected":false},"excerpt":{"rendered":"<p style=\"font-weight: 400;\"><u><strong>Ingredients<\/strong>:<\/u><\/p>\n<p>\u00deorskur (75%), laukur, kryddblanda (<strong><em>hveiti<\/em><\/strong>, rasp (vatn, ger), kart\u00f6flusterkja, aroma (<strong><em>mj\u00f3lk, seller\u00ed<\/em><\/strong>), salt, hv\u00edtlaukur, pipar),\u00a0<strong><em>hveiti\u00a0<\/em><\/strong>trefjar,\u00a0<strong><em>egg\u00a0<\/em><\/strong>(rotvarnarefni (E211), s\u00fdra (E330))<strong><em>,<\/em><\/strong><em>\u00a0<\/em>jurtaostur (k\u00f3kosol\u00eda,\u00a0<strong><em>mj\u00f3lkurpr\u00f3tein<\/em>,<\/strong>\u00a0ma\u00edssterkja, \u00fer\u00e1avarnarefni (E330, E331, E340), bindiefni (E452), ostabrag\u00f0efni (<strong><em>ostur<\/em><\/strong>,\u00a0<strong><em>mj\u00f3lkurduft<\/em><\/strong>, \u00fer\u00e1avarnarefni (E339)), gelat\u00edn, rotvarnarefni (E202, E211, E252),\u00a0litarefni (E160a)).\u00a0Steikt upp \u00far repjuol\u00edu.<\/p>\n<p style=\"font-weight: 400;\"><strong><u>Nutritional value in100g:<\/u><\/strong><\/p>\n<p style=\"font-weight: 400;\">Orka 713 kJ \/ 170 kkal<br \/>\nFita 5,3 g<br \/>\n&#8211; \u00fear af mettu\u00f0 fita 0,6 g<br \/>\nKolvetni 18,4 g<br \/>\n&#8211; \u00fear af sykurtegundir 2,2 g<br \/>\nPr\u00f3tein 12,1 g<br \/>\nSalt 1,5 g<\/p>\n","protected":false},"featured_media":301,"template":"","meta":[],"yoast_head":"<!-- This site is optimized with the Yoast SEO plugin v15.6.2 - https:\/\/yoast.com\/wordpress\/plugins\/seo\/ -->\n<title>Fish cakes - Gr\u00edmur Kokkur<\/title>\n<meta name=\"robots\" content=\"index, follow, max-snippet:-1, max-image-preview:large, max-video-preview:-1\" \/>\n<link rel=\"canonical\" href=\"https:\/\/grimurkokkur.is\/en\/product\/fish-cakes\/\" \/>\n<meta property=\"og:locale\" content=\"en_US\" \/>\n<meta property=\"og:type\" content=\"article\" \/>\n<meta property=\"og:title\" content=\"Fish cakes - Gr\u00edmur Kokkur\" \/>\n<meta property=\"og:description\" content=\"Ingredients: \u00deorskur (75%), laukur, kryddblanda (hveiti, rasp (vatn, ger), kart\u00f6flusterkja, aroma (mj\u00f3lk, seller\u00ed), salt, hv\u00edtlaukur, pipar),\u00a0hveiti\u00a0trefjar,\u00a0egg\u00a0(rotvarnarefni (E211), s\u00fdra (E330)),\u00a0jurtaostur (k\u00f3kosol\u00eda,\u00a0mj\u00f3lkurpr\u00f3tein,\u00a0ma\u00edssterkja, \u00fer\u00e1avarnarefni (E330, E331, E340), bindiefni (E452), ostabrag\u00f0efni (ostur,\u00a0mj\u00f3lkurduft, \u00fer\u00e1avarnarefni (E339)), gelat\u00edn, rotvarnarefni (E202, E211, E252),\u00a0litarefni (E160a)).\u00a0Steikt upp \u00far repjuol\u00edu. Nutritional value in100g: Orka 713 kJ \/ 170 kkal Fita 5,3 g - \u00fear af mettu\u00f0 fita 0,6 g Kolvetni 18,4 g - \u00fear af sykurtegundir 2,2 g Pr\u00f3tein 12,1 g Salt 1,5 g\" \/>\n<meta property=\"og:url\" content=\"https:\/\/grimurkokkur.is\/en\/product\/fish-cakes\/\" \/>\n<meta property=\"og:site_name\" content=\"Gr\u00edmur Kokkur\" \/>\n<meta name=\"twitter:card\" content=\"summary_large_image\" \/>\n<script type=\"application\/ld+json\" class=\"yoast-schema-graph\">{\"@context\":\"https:\/\/schema.org\",\"@graph\":[{\"@type\":\"WebSite\",\"@id\":\"https:\/\/grimurkokkur.is\/#website\",\"url\":\"https:\/\/grimurkokkur.is\/\",\"name\":\"Gr\\u00edmur Kokkur\",\"description\":\"\",\"potentialAction\":[{\"@type\":\"SearchAction\",\"target\":\"https:\/\/grimurkokkur.is\/?s={search_term_string}\",\"query-input\":\"required name=search_term_string\"}],\"inLanguage\":\"en-US\"},{\"@type\":\"ImageObject\",\"@id\":\"https:\/\/grimurkokkur.is\/en\/product\/fish-cakes\/#primaryimage\",\"inLanguage\":\"en-US\",\"url\":\"https:\/\/grimurkokkur.is\/wp-content\/uploads\/2020\/03\/Fiskibuff.jpg\",\"width\":448,\"height\":336},{\"@type\":\"WebPage\",\"@id\":\"https:\/\/grimurkokkur.is\/en\/product\/fish-cakes\/#webpage\",\"url\":\"https:\/\/grimurkokkur.is\/en\/product\/fish-cakes\/\",\"name\":\"Fish cakes - Gr\\u00edmur Kokkur\",\"isPartOf\":{\"@id\":\"https:\/\/grimurkokkur.is\/#website\"},\"primaryImageOfPage\":{\"@id\":\"https:\/\/grimurkokkur.is\/en\/product\/fish-cakes\/#primaryimage\"},\"datePublished\":\"2020-01-27T22:25:54+00:00\",\"dateModified\":\"2020-01-27T22:25:54+00:00\",\"inLanguage\":\"en-US\",\"potentialAction\":[{\"@type\":\"ReadAction\",\"target\":[\"https:\/\/grimurkokkur.is\/en\/product\/fish-cakes\/\"]}]}]}<\/script>\n<!-- \/ Yoast SEO plugin. -->","_links":{"self":[{"href":"https:\/\/grimurkokkur.is\/en\/wp-json\/wp\/v2\/product\/842"}],"collection":[{"href":"https:\/\/grimurkokkur.is\/en\/wp-json\/wp\/v2\/product"}],"about":[{"href":"https:\/\/grimurkokkur.is\/en\/wp-json\/wp\/v2\/types\/product"}],"wp:featuredmedia":[{"embeddable":true,"href":"https:\/\/grimurkokkur.is\/en\/wp-json\/wp\/v2\/media\/301"}],"wp:attachment":[{"href":"https:\/\/grimurkokkur.is\/en\/wp-json\/wp\/v2\/media?parent=842"}],"curies":[{"name":"wp","href":"https:\/\/api.w.org\/{rel}","templated":true}]}}