{"id":844,"date":"2020-01-27T22:06:09","date_gmt":"2020-01-27T22:06:09","guid":{"rendered":"https:\/\/grimurkokkur.is\/product\/mini-fish-balls-with-cream-cheese-fillings\/"},"modified":"2020-01-27T22:06:09","modified_gmt":"2020-01-27T22:06:09","slug":"mini-fish-balls-with-cream-cheese-fillings","status":"publish","type":"product","link":"https:\/\/grimurkokkur.is\/en\/product\/mini-fish-balls-with-cream-cheese-fillings\/","title":{"rendered":"Mini fish balls with cream cheese fillings"},"content":{"rendered":"<div>Sm\u00e1ar fiskibollur sem eru fylltar me\u00f0 rj\u00f3maostafyllingu. Lj\u00faffengar bollur og gott er a\u00f0 hafa fyllinguna \u00ed \u00feeim.<\/div>\n<div>Bollurnar hafa veri\u00f0 vins\u00e6lar sem m\u00e1lt\u00ed\u00f0 og einnig hafa vi\u00f0skiptavinir okkar nota\u00f0 bollurnar \u00ed pinnamat \u00ed veislum, st\u00f3rum sem sm\u00e1um.<\/div>\n<div>Einnig eru til sm\u00e1fiskibollur me\u00f0 rj\u00f3maostafyllingu og \u00e1n fyllingar.<\/div>\n<div><\/div>\n<div>Fulleldu\u00f0 vara sem \u00fearf a\u00f0eins a\u00f0 hita upp.<\/div>\n<div>&#8211; Hita\u00f0 \u00ed ofni um 10-12 m\u00edn\u00fatur vi\u00f0 180\u00b0C ef bollurnar eru frosnar annars \u00ed 5-6 m\u00edn\u00fatur.<\/div>\n<div>&#8211; Hita\u00f0 \u00ed \u00f6rbylgjuofni \u00ed 2-3 m\u00edn\u00fatur.<\/div>\n<div>&#8211; Hita\u00f0 \u00e1 p\u00f6nnu \u00fear til \u00fe\u00e6r eru gegnum heitar.<\/div>\n","protected":false},"excerpt":{"rendered":"<p style=\"font-weight: 400;\"><u><strong>Ingredients:<\/strong><\/u><\/p>\n<p style=\"font-weight: 400;\">\u00deorskur (75%), laukur, kryddblanda (<strong><em>hveiti,<\/em><\/strong>\u00a0kart\u00f6flusterkja, aroma (<strong><em>mj\u00f3lk, seller\u00ed<\/em><\/strong>), salt, hv\u00edtlauksduft, pipar),\u00a0<strong><em>hveiti<\/em><\/strong>\u00a0trefjar,\u00a0<strong><em>egg\u00a0<\/em><\/strong>(rotvarnarefni (E211), s\u00fdra (E330))<strong><em>, rj\u00f3maostur\u00a0<\/em><\/strong>(<strong><em>kvarg, smj\u00f6r, rj\u00f3mi,\u00a0<\/em><\/strong>salt, bindiefni (E410, E412), rotvarnarefni (E202)),<strong><em>\u00a0<\/em><\/strong>kryddol\u00eda (repjuol\u00eda, p\u00e1lmaol\u00eda, salt, pipar, laukur, brag\u00f0efni (paprika, sveppir, beikon, kj\u00f6t, n\u00e1tt\u00faruleg brag\u00f0efni, bindiefni (E414), \u00fer\u00e1avarnarefni (E307)), reyk brag\u00f0efni, \u00fer\u00e1avarnarefni (E330))<strong><em>.<\/em><\/strong>\u00a0Steikt upp \u00far repjuol\u00edu.<\/p>\n<p style=\"font-weight: 400;\"><strong><u>Nutritional value in 100 g:<\/u><\/strong><\/p>\n<p style=\"font-weight: 400;\">Orka\u00a0756 kJ \/\u00a0180 kkal<br \/>\nFita 5,5 g<br \/>\n&#8211; \u00fear af mettu\u00f0 fita 1,3 g<br \/>\nKolvetni 20,1 g<br \/>\n&#8211; \u00fear af sykurtegundir 3,8 g<br \/>\nPr\u00f3tein 12,4 g<br \/>\nSalt 1,8 g<\/p>\n","protected":false},"featured_media":686,"template":"","meta":[],"yoast_head":"<!-- This site is optimized with the Yoast SEO plugin v15.6.2 - https:\/\/yoast.com\/wordpress\/plugins\/seo\/ -->\n<title>Mini fish balls with cream cheese fillings - Gr\u00edmur Kokkur<\/title>\n<meta name=\"robots\" content=\"index, follow, max-snippet:-1, max-image-preview:large, max-video-preview:-1\" \/>\n<link rel=\"canonical\" href=\"https:\/\/grimurkokkur.is\/en\/product\/mini-fish-balls-with-cream-cheese-fillings\/\" \/>\n<meta property=\"og:locale\" content=\"en_US\" \/>\n<meta property=\"og:type\" content=\"article\" \/>\n<meta property=\"og:title\" content=\"Mini fish balls with cream cheese fillings - Gr\u00edmur Kokkur\" \/>\n<meta property=\"og:description\" content=\"Ingredients: \u00deorskur (75%), laukur, kryddblanda (hveiti,\u00a0kart\u00f6flusterkja, aroma (mj\u00f3lk, seller\u00ed), salt, hv\u00edtlauksduft, pipar),\u00a0hveiti\u00a0trefjar,\u00a0egg\u00a0(rotvarnarefni (E211), s\u00fdra (E330)), rj\u00f3maostur\u00a0(kvarg, smj\u00f6r, rj\u00f3mi,\u00a0salt, bindiefni (E410, E412), rotvarnarefni (E202)),\u00a0kryddol\u00eda (repjuol\u00eda, p\u00e1lmaol\u00eda, salt, pipar, laukur, brag\u00f0efni (paprika, sveppir, beikon, kj\u00f6t, n\u00e1tt\u00faruleg brag\u00f0efni, bindiefni (E414), \u00fer\u00e1avarnarefni (E307)), reyk brag\u00f0efni, \u00fer\u00e1avarnarefni (E330)).\u00a0Steikt upp \u00far repjuol\u00edu. Nutritional value in 100 g: Orka\u00a0756 kJ \/\u00a0180 kkal Fita 5,5 g - \u00fear af mettu\u00f0 fita 1,3 g Kolvetni 20,1 g - \u00fear af sykurtegundir 3,8 g Pr\u00f3tein 12,4 g Salt 1,8 g\" \/>\n<meta property=\"og:url\" content=\"https:\/\/grimurkokkur.is\/en\/product\/mini-fish-balls-with-cream-cheese-fillings\/\" \/>\n<meta property=\"og:site_name\" content=\"Gr\u00edmur Kokkur\" \/>\n<meta name=\"twitter:card\" content=\"summary_large_image\" \/>\n<script type=\"application\/ld+json\" class=\"yoast-schema-graph\">{\"@context\":\"https:\/\/schema.org\",\"@graph\":[{\"@type\":\"WebSite\",\"@id\":\"https:\/\/grimurkokkur.is\/#website\",\"url\":\"https:\/\/grimurkokkur.is\/\",\"name\":\"Gr\\u00edmur Kokkur\",\"description\":\"\",\"potentialAction\":[{\"@type\":\"SearchAction\",\"target\":\"https:\/\/grimurkokkur.is\/?s={search_term_string}\",\"query-input\":\"required name=search_term_string\"}],\"inLanguage\":\"en-US\"},{\"@type\":\"ImageObject\",\"@id\":\"https:\/\/grimurkokkur.is\/en\/product\/mini-fish-balls-with-cream-cheese-fillings\/#primaryimage\",\"inLanguage\":\"en-US\",\"url\":\"https:\/\/grimurkokkur.is\/wp-content\/uploads\/2020\/01\/smafiskibollur-ostafylltar-scaled.jpg\",\"width\":2560,\"height\":1707},{\"@type\":\"WebPage\",\"@id\":\"https:\/\/grimurkokkur.is\/en\/product\/mini-fish-balls-with-cream-cheese-fillings\/#webpage\",\"url\":\"https:\/\/grimurkokkur.is\/en\/product\/mini-fish-balls-with-cream-cheese-fillings\/\",\"name\":\"Mini fish balls with cream cheese fillings - Gr\\u00edmur Kokkur\",\"isPartOf\":{\"@id\":\"https:\/\/grimurkokkur.is\/#website\"},\"primaryImageOfPage\":{\"@id\":\"https:\/\/grimurkokkur.is\/en\/product\/mini-fish-balls-with-cream-cheese-fillings\/#primaryimage\"},\"datePublished\":\"2020-01-27T22:06:09+00:00\",\"dateModified\":\"2020-01-27T22:06:09+00:00\",\"inLanguage\":\"en-US\",\"potentialAction\":[{\"@type\":\"ReadAction\",\"target\":[\"https:\/\/grimurkokkur.is\/en\/product\/mini-fish-balls-with-cream-cheese-fillings\/\"]}]}]}<\/script>\n<!-- \/ Yoast SEO plugin. -->","_links":{"self":[{"href":"https:\/\/grimurkokkur.is\/en\/wp-json\/wp\/v2\/product\/844"}],"collection":[{"href":"https:\/\/grimurkokkur.is\/en\/wp-json\/wp\/v2\/product"}],"about":[{"href":"https:\/\/grimurkokkur.is\/en\/wp-json\/wp\/v2\/types\/product"}],"wp:featuredmedia":[{"embeddable":true,"href":"https:\/\/grimurkokkur.is\/en\/wp-json\/wp\/v2\/media\/686"}],"wp:attachment":[{"href":"https:\/\/grimurkokkur.is\/en\/wp-json\/wp\/v2\/media?parent=844"}],"curies":[{"name":"wp","href":"https:\/\/api.w.org\/{rel}","templated":true}]}}