{"id":846,"date":"2020-01-27T23:04:17","date_gmt":"2020-01-27T23:04:17","guid":{"rendered":"https:\/\/grimurkokkur.is\/product\/carrot-cake\/"},"modified":"2020-01-27T23:04:17","modified_gmt":"2020-01-27T23:04:17","slug":"carrot-cake","status":"publish","type":"product","link":"https:\/\/grimurkokkur.is\/en\/product\/carrot-cake\/","title":{"rendered":"Carrot cake"},"content":{"rendered":"<div class=\"vara-nofloat\">\n<div><b><i>Eggja-, mj\u00f3lkur-, ger- og gl\u00fatenlaus<\/i><\/b><\/div>\n<div><b><i>\u00a0<\/i><\/b><\/div>\n<div>G\u00f3ms\u00e6t gulr\u00f3tarbuff sem eru s\u00edgild og g\u00f3\u00f0 lausn \u00feegar breyta \u00e1 um\u00a0matar\u00e6\u00f0i og b\u00e6ta l\u00edfst\u00edl.<\/div>\n<\/div>\n<div class=\"vara-float\">\n<p>\u00a0\u00deau innihalda rau\u00f0ar linsubaunir, gulr\u00e6tur, lauk, appels\u00ednusafa og timian.<\/p>\n<p>\u00deessi samsetning er afar holl og lj\u00faffeng og Heilsur\u00e9ttir fj\u00f6lskyldunnar m\u00e6la hiklaust me\u00f0 \u00feeim.<\/p>\n<p>Buffin eru afar g\u00f3\u00f0 me\u00f0 fersku salati og h\u00fd\u00f0isgrj\u00f3num. Fyrir \u00fe\u00e1 sem kj\u00f3sa dressingu me\u00f0, m\u00e6lum\u00a0vi\u00f0 me\u00f0 til d\u00e6mis j\u00f3g\u00farts\u00f3sunni \u00ed b\u00f3kinni N\u00fdir heilsur\u00e9ttir fj\u00f6lskyldunnar.<\/p>\n<p><strong>Eldunarlei\u00f0beiningar:\u00a0<\/strong>Hiti\u00f0 \u00e1 p\u00f6nnu e\u00f0a \u00ed ofni \u00fear til buffin eru heit \u00ed gegn, um \u00fea\u00f0 bil 15 m\u00edn\u00fatur vi\u00f0 180\u00b0C.<\/p>\n<\/div>\n","protected":false},"excerpt":{"rendered":"<div><u><b>Ingredients:<\/b><\/u><b><\/b><\/div>\n<div>Gulr\u00e6tur (29%), kart\u00f6flur, s\u00e6tar kart\u00f6flur, rau\u00f0ar linsubaunir, kart\u00f6flusterkja, appels\u00ednu\u00feykkni hreint, engifer, laukur, hv\u00edtlaukur, gr\u00e6nmetiskraftur (maltodextr\u00edn, gr\u00e6nmetisduft (n\u00edpa, p\u00farrulaukur), n\u00e1tt\u00faruleg brag\u00f0efni, repjuol\u00eda), salt, broddk\u00famen, steinselja, t\u00farmerik, timian, r\u00f3smar\u00edn.<\/div>\n<div><\/div>\n<div><strong><u>Nutritional value in 100 g:<\/u><\/strong><\/div>\n<div>Orka 588 kJ \/ 140 kkal<\/div>\n<div>Fita 0,7 g<\/div>\n<div>&#8211; \u00fear af mettu\u00f0 fita 0,1 g<\/div>\n<div>Kolvetni 28,4 g<\/div>\n<div>&#8211; \u00fear af sykurtegundir 2,6 g<\/div>\n<div>Pr\u00f3tein 5,0 g<\/div>\n<div>Salt 0,9 g<\/div>\n","protected":false},"featured_media":709,"template":"","meta":[],"yoast_head":"<!-- This site is optimized with the Yoast SEO plugin v15.6.2 - https:\/\/yoast.com\/wordpress\/plugins\/seo\/ -->\n<title>Carrot cake - Gr\u00edmur Kokkur<\/title>\n<meta name=\"robots\" content=\"index, follow, max-snippet:-1, max-image-preview:large, max-video-preview:-1\" \/>\n<link rel=\"canonical\" href=\"https:\/\/grimurkokkur.is\/en\/product\/carrot-cake\/\" \/>\n<meta property=\"og:locale\" content=\"en_US\" \/>\n<meta property=\"og:type\" content=\"article\" \/>\n<meta property=\"og:title\" content=\"Carrot cake - Gr\u00edmur Kokkur\" \/>\n<meta property=\"og:description\" content=\"Ingredients: Gulr\u00e6tur (29%), kart\u00f6flur, s\u00e6tar kart\u00f6flur, rau\u00f0ar linsubaunir, kart\u00f6flusterkja, appels\u00ednu\u00feykkni hreint, engifer, laukur, hv\u00edtlaukur, gr\u00e6nmetiskraftur (maltodextr\u00edn, gr\u00e6nmetisduft (n\u00edpa, p\u00farrulaukur), n\u00e1tt\u00faruleg brag\u00f0efni, repjuol\u00eda), salt, broddk\u00famen, steinselja, t\u00farmerik, timian, r\u00f3smar\u00edn.  Nutritional value in 100 g: Orka 588 kJ \/ 140 kkal Fita 0,7 g - \u00fear af mettu\u00f0 fita 0,1 g Kolvetni 28,4 g - \u00fear af sykurtegundir 2,6 g Pr\u00f3tein 5,0 g Salt 0,9 g\" \/>\n<meta property=\"og:url\" content=\"https:\/\/grimurkokkur.is\/en\/product\/carrot-cake\/\" \/>\n<meta property=\"og:site_name\" content=\"Gr\u00edmur Kokkur\" \/>\n<meta name=\"twitter:card\" content=\"summary_large_image\" \/>\n<meta name=\"twitter:label1\" content=\"Est. reading time\">\n\t<meta name=\"twitter:data1\" content=\"1 minute\">\n<script type=\"application\/ld+json\" class=\"yoast-schema-graph\">{\"@context\":\"https:\/\/schema.org\",\"@graph\":[{\"@type\":\"WebSite\",\"@id\":\"https:\/\/grimurkokkur.is\/#website\",\"url\":\"https:\/\/grimurkokkur.is\/\",\"name\":\"Gr\\u00edmur Kokkur\",\"description\":\"\",\"potentialAction\":[{\"@type\":\"SearchAction\",\"target\":\"https:\/\/grimurkokkur.is\/?s={search_term_string}\",\"query-input\":\"required name=search_term_string\"}],\"inLanguage\":\"en-US\"},{\"@type\":\"ImageObject\",\"@id\":\"https:\/\/grimurkokkur.is\/en\/product\/carrot-cake\/#primaryimage\",\"inLanguage\":\"en-US\",\"url\":\"https:\/\/grimurkokkur.is\/wp-content\/uploads\/2020\/01\/gulro\\u0301tabuff-scaled.jpeg\",\"width\":1707,\"height\":2560},{\"@type\":\"WebPage\",\"@id\":\"https:\/\/grimurkokkur.is\/en\/product\/carrot-cake\/#webpage\",\"url\":\"https:\/\/grimurkokkur.is\/en\/product\/carrot-cake\/\",\"name\":\"Carrot cake - Gr\\u00edmur Kokkur\",\"isPartOf\":{\"@id\":\"https:\/\/grimurkokkur.is\/#website\"},\"primaryImageOfPage\":{\"@id\":\"https:\/\/grimurkokkur.is\/en\/product\/carrot-cake\/#primaryimage\"},\"datePublished\":\"2020-01-27T23:04:17+00:00\",\"dateModified\":\"2020-01-27T23:04:17+00:00\",\"inLanguage\":\"en-US\",\"potentialAction\":[{\"@type\":\"ReadAction\",\"target\":[\"https:\/\/grimurkokkur.is\/en\/product\/carrot-cake\/\"]}]}]}<\/script>\n<!-- \/ Yoast SEO plugin. -->","_links":{"self":[{"href":"https:\/\/grimurkokkur.is\/en\/wp-json\/wp\/v2\/product\/846"}],"collection":[{"href":"https:\/\/grimurkokkur.is\/en\/wp-json\/wp\/v2\/product"}],"about":[{"href":"https:\/\/grimurkokkur.is\/en\/wp-json\/wp\/v2\/types\/product"}],"wp:featuredmedia":[{"embeddable":true,"href":"https:\/\/grimurkokkur.is\/en\/wp-json\/wp\/v2\/media\/709"}],"wp:attachment":[{"href":"https:\/\/grimurkokkur.is\/en\/wp-json\/wp\/v2\/media?parent=846"}],"curies":[{"name":"wp","href":"https:\/\/api.w.org\/{rel}","templated":true}]}}