{"id":848,"date":"2020-01-27T23:06:18","date_gmt":"2020-01-27T23:06:18","guid":{"rendered":"https:\/\/grimurkokkur.is\/product\/smoked-charr-pate\/"},"modified":"2020-01-27T23:06:18","modified_gmt":"2020-01-27T23:06:18","slug":"smoked-charr-pate","status":"publish","type":"product","link":"https:\/\/grimurkokkur.is\/en\/product\/smoked-charr-pate\/","title":{"rendered":"Smoked Charr pat\u00e9"},"content":{"rendered":"<p>Girnilegt pat\u00e9. \u00deetta er \u00e1rst\u00ed\u00f0arbundin vara og er til fyrir st\u00f3rh\u00e1t\u00ed\u00f0ir.<\/p>\n","protected":false},"excerpt":{"rendered":"<div class=\"vara-nofloat\">\n<div>\n<div><b>Ingredients<\/b>:\u00a0<b><i>\u00deorskur, reykt bleikja\u00a0<\/i><\/b>(21%),\u00a0<b><i>rj\u00f3maostur\u00a0<\/i><\/b>(<b><i>kvarg\u00a0<\/i><\/b>(\u00far\u00a0<b><i>mj\u00f3lk<\/i><\/b>),\u00a0<b><i>smj\u00f6r, rj\u00f3mi,\u00a0<\/i><\/b>salt, bindiefni (E410, E412), rotvarnarefni (E202)),\u00a0<b><i>jurtarj\u00f3mi<\/i><\/b>\u00a0(<b><i>\u00e1fir\u00a0<\/i><\/b>(\u00far\u00a0<b><i>mj\u00f3lk<\/i><\/b>), p\u00e1lmakjarnaol\u00eda, k\u00f3kosol\u00eda, repjuol\u00eda, umbreytt\u00a0<b><i>sterkja<\/i><\/b>, \u00fdruefni (E472b, E435, E433), brag\u00f0efni, bindiefni (E407), litarefni (E160e)),\u00a0hv\u00edtv\u00edn, paprika, bla\u00f0laukur, aspic (matarl\u00edm, sykur, brag\u00f0aukandi efni (E621), ger, s\u00fdra (E330), karamellus\u00fdr\u00f3p, maltodextr\u00edn), matarl\u00edm (inniheldur\u00a0<b><i>brennisteinsd\u00edox\u00ed\u00f0<\/i><\/b>).<\/div>\n<\/div>\n<\/div>\n<div class=\"vara-float\">\n<div><\/div>\n<div>\n<div><strong>Nutritional value 100 g:<\/strong><\/div>\n<div>Orka 574kJ \/ 137 kcal<\/div>\n<div>Pr\u00f3tein 17,1 g<\/div>\n<div>Kolvetni 0,8 g<\/div>\n<div>Fita 7,3 g<\/div>\n<div>Salt 1,3 g<\/div>\n<\/div>\n<\/div>\n","protected":false},"featured_media":0,"template":"","meta":[],"yoast_head":"<!-- This site is optimized with the Yoast SEO plugin v15.6.2 - https:\/\/yoast.com\/wordpress\/plugins\/seo\/ -->\n<title>Smoked Charr pat\u00e9 - Gr\u00edmur Kokkur<\/title>\n<meta name=\"robots\" content=\"index, follow, max-snippet:-1, max-image-preview:large, max-video-preview:-1\" \/>\n<link rel=\"canonical\" href=\"https:\/\/grimurkokkur.is\/en\/product\/smoked-charr-pate\/\" \/>\n<meta property=\"og:locale\" content=\"en_US\" \/>\n<meta property=\"og:type\" content=\"article\" \/>\n<meta property=\"og:title\" content=\"Smoked Charr pat\u00e9 - Gr\u00edmur Kokkur\" \/>\n<meta property=\"og:description\" content=\"Ingredients:\u00a0\u00deorskur, reykt bleikja\u00a0(21%),\u00a0rj\u00f3maostur\u00a0(kvarg\u00a0(\u00far\u00a0mj\u00f3lk),\u00a0smj\u00f6r, rj\u00f3mi,\u00a0salt, bindiefni (E410, E412), rotvarnarefni (E202)),\u00a0jurtarj\u00f3mi\u00a0(\u00e1fir\u00a0(\u00far\u00a0mj\u00f3lk), p\u00e1lmakjarnaol\u00eda, k\u00f3kosol\u00eda, repjuol\u00eda, umbreytt\u00a0sterkja, \u00fdruefni (E472b, E435, E433), brag\u00f0efni, bindiefni (E407), litarefni (E160e)),\u00a0hv\u00edtv\u00edn, paprika, bla\u00f0laukur, aspic (matarl\u00edm, sykur, brag\u00f0aukandi efni (E621), ger, s\u00fdra (E330), karamellus\u00fdr\u00f3p, maltodextr\u00edn), matarl\u00edm (inniheldur\u00a0brennisteinsd\u00edox\u00ed\u00f0).      Nutritional value 100 g: Orka 574kJ \/ 137 kcal Pr\u00f3tein 17,1 g Kolvetni 0,8 g Fita 7,3 g Salt 1,3 g\" \/>\n<meta property=\"og:url\" content=\"https:\/\/grimurkokkur.is\/en\/product\/smoked-charr-pate\/\" \/>\n<meta property=\"og:site_name\" content=\"Gr\u00edmur Kokkur\" \/>\n<meta name=\"twitter:card\" content=\"summary_large_image\" \/>\n<script type=\"application\/ld+json\" class=\"yoast-schema-graph\">{\"@context\":\"https:\/\/schema.org\",\"@graph\":[{\"@type\":\"WebSite\",\"@id\":\"https:\/\/grimurkokkur.is\/#website\",\"url\":\"https:\/\/grimurkokkur.is\/\",\"name\":\"Gr\\u00edmur Kokkur\",\"description\":\"\",\"potentialAction\":[{\"@type\":\"SearchAction\",\"target\":\"https:\/\/grimurkokkur.is\/?s={search_term_string}\",\"query-input\":\"required name=search_term_string\"}],\"inLanguage\":\"en-US\"},{\"@type\":\"WebPage\",\"@id\":\"https:\/\/grimurkokkur.is\/en\/product\/smoked-charr-pate\/#webpage\",\"url\":\"https:\/\/grimurkokkur.is\/en\/product\/smoked-charr-pate\/\",\"name\":\"Smoked Charr pat\\u00e9 - Gr\\u00edmur Kokkur\",\"isPartOf\":{\"@id\":\"https:\/\/grimurkokkur.is\/#website\"},\"datePublished\":\"2020-01-27T23:06:18+00:00\",\"dateModified\":\"2020-01-27T23:06:18+00:00\",\"inLanguage\":\"en-US\",\"potentialAction\":[{\"@type\":\"ReadAction\",\"target\":[\"https:\/\/grimurkokkur.is\/en\/product\/smoked-charr-pate\/\"]}]}]}<\/script>\n<!-- \/ Yoast SEO plugin. -->","_links":{"self":[{"href":"https:\/\/grimurkokkur.is\/en\/wp-json\/wp\/v2\/product\/848"}],"collection":[{"href":"https:\/\/grimurkokkur.is\/en\/wp-json\/wp\/v2\/product"}],"about":[{"href":"https:\/\/grimurkokkur.is\/en\/wp-json\/wp\/v2\/types\/product"}],"wp:attachment":[{"href":"https:\/\/grimurkokkur.is\/en\/wp-json\/wp\/v2\/media?parent=848"}],"curies":[{"name":"wp","href":"https:\/\/api.w.org\/{rel}","templated":true}]}}