{"id":850,"date":"2020-01-27T23:04:53","date_gmt":"2020-01-27T23:04:53","guid":{"rendered":"https:\/\/grimurkokkur.is\/product\/india-vegetable-cake\/"},"modified":"2020-01-27T23:04:53","modified_gmt":"2020-01-27T23:04:53","slug":"india-vegetable-cake","status":"publish","type":"product","link":"https:\/\/grimurkokkur.is\/en\/product\/india-vegetable-cake\/","title":{"rendered":"India vegetable cake"},"content":{"rendered":"<p><strong>G\u00f3ms\u00e6tar gr\u00e6nmetisbollur framleiddar \u00ed samstarfi vi\u00f0 Heilsur\u00e9tti fj\u00f6lskyldunnar. Holl vara sem allir \u00e1 heimilinu ver\u00f0a hrifnir af.<\/strong><\/p>\n<p>\u00deessar bollur eru d\u00e1samlega g\u00f3\u00f0ar og fara vel \u00ed maga.<\/p>\n<p>Gott me\u00f0 fersku salati og nan brau\u00f0i.<\/p>\n<p><strong>Eldunara\u00f0fer\u00f0: \u00a0<\/strong>Hiti\u00f0 Bollurnar \u00ed ofni \u00ed um 20 m\u00edn vi\u00f0 180\u00b0C e\u00f0a steiki\u00f0 \u00e1 me\u00f0alheitri p\u00f6nnu \u00fear til \u00fe\u00e6r eru heitar \u00ed gegn.<\/p>\n<p><strong>R\u00e9tturinn Inniheldur EKKERT gl\u00faten, EKKERT ger, EKKERT msg, ENGIN aukaefni, ENGAN vi\u00f0b\u00e6ttann sykur<\/strong><\/p>\n","protected":false},"excerpt":{"rendered":"<p style=\"font-weight: 400;\"><em><strong><u>Ingredients:<\/u><\/strong><\/em><\/p>\n<p style=\"font-weight: 400;\"><u><strong>Gr\u00e6nmetisbollur:<\/strong><\/u><\/p>\n<p style=\"font-weight: 400;\">Kart\u00f6flur, gulr\u00e6tur, hr\u00edsgrj\u00f3n, s\u00e6tar kart\u00f6flur, gr\u00e6nar ertur, laukur, hv\u00edtlaukur, paprika, salt, broddk\u00famen, repjuol\u00eda, gr\u00e6nmetiskraftur (maltodextr\u00edn, gr\u00e6nmetisduft (n\u00edpa, p\u00farrulaukur), n\u00e1tt\u00faruleg brag\u00f0efni), t\u00farmerik, svartur pipar, steinselja, chili pipar.<\/p>\n<p style=\"font-weight: 400;\"><u><strong>D\u00f6\u00f0lumauk:<\/strong><\/u><\/p>\n<p style=\"font-weight: 400;\">D\u00f6\u00f0lur, vatn.<\/p>\n<p style=\"font-weight: 400;\"><u><em><strong>Nutritional value in 100 g:<\/strong><\/em><\/u><\/p>\n<p style=\"font-weight: 400;\"><u><strong>Gr\u00e6nmetisbollur:<\/strong><\/u><\/p>\n<p style=\"font-weight: 400;\">Orka 445 kJ \/ 106 kkal<br \/>\nFita 1,0 g<br \/>\n&#8211; \u00fear af mettu\u00f0 fita 0,1 g<br \/>\nKolvetni 21,3 g<br \/>\n&#8211; \u00fear af sykurtegundir 3,0 g<br \/>\nPr\u00f3tein 2,9 g<br \/>\nSalt 1,2 g<\/p>\n<p style=\"font-weight: 400;\"><u><strong>D\u00f6\u00f0lumauk:<\/strong><\/u><\/p>\n<p style=\"font-weight: 400;\">Orka 689 kJ \/ 164 kkal<br \/>\nFita 0,2 g<br \/>\n&#8211; \u00fear af mettu\u00f0 fita 0,1 g<br \/>\nKolvetni 39,3 g<br \/>\n&#8211; \u00fear af sykurtegundir 34,0 g<br \/>\nPr\u00f3tein 1,2 g<br \/>\nSalt 0,4 g<\/p>\n","protected":false},"featured_media":707,"template":"","meta":[],"yoast_head":"<!-- This site is optimized with the Yoast SEO plugin v15.6.2 - https:\/\/yoast.com\/wordpress\/plugins\/seo\/ -->\n<title>India vegetable cake - Gr\u00edmur Kokkur<\/title>\n<meta name=\"robots\" content=\"index, follow, max-snippet:-1, max-image-preview:large, max-video-preview:-1\" \/>\n<link rel=\"canonical\" href=\"https:\/\/grimurkokkur.is\/en\/product\/india-vegetable-cake\/\" \/>\n<meta property=\"og:locale\" content=\"en_US\" \/>\n<meta property=\"og:type\" content=\"article\" \/>\n<meta property=\"og:title\" content=\"India vegetable cake - Gr\u00edmur Kokkur\" \/>\n<meta property=\"og:description\" content=\"Ingredients: Gr\u00e6nmetisbollur: Kart\u00f6flur, gulr\u00e6tur, hr\u00edsgrj\u00f3n, s\u00e6tar kart\u00f6flur, gr\u00e6nar ertur, laukur, hv\u00edtlaukur, paprika, salt, broddk\u00famen, repjuol\u00eda, gr\u00e6nmetiskraftur (maltodextr\u00edn, gr\u00e6nmetisduft (n\u00edpa, p\u00farrulaukur), n\u00e1tt\u00faruleg brag\u00f0efni), t\u00farmerik, svartur pipar, steinselja, chili pipar. D\u00f6\u00f0lumauk: D\u00f6\u00f0lur, vatn. Nutritional value in 100 g: Gr\u00e6nmetisbollur: Orka 445 kJ \/ 106 kkal Fita 1,0 g - \u00fear af mettu\u00f0 fita 0,1 g Kolvetni 21,3 g - \u00fear af sykurtegundir 3,0 g Pr\u00f3tein 2,9 g Salt 1,2 g D\u00f6\u00f0lumauk: Orka 689 kJ \/ 164 kkal Fita 0,2 g - \u00fear af mettu\u00f0 fita 0,1 g Kolvetni 39,3 g - \u00fear af sykurtegundir 34,0 g Pr\u00f3tein 1,2 g Salt 0,4 g\" \/>\n<meta property=\"og:url\" content=\"https:\/\/grimurkokkur.is\/en\/product\/india-vegetable-cake\/\" \/>\n<meta property=\"og:site_name\" content=\"Gr\u00edmur Kokkur\" \/>\n<meta name=\"twitter:card\" content=\"summary_large_image\" \/>\n<script type=\"application\/ld+json\" class=\"yoast-schema-graph\">{\"@context\":\"https:\/\/schema.org\",\"@graph\":[{\"@type\":\"WebSite\",\"@id\":\"https:\/\/grimurkokkur.is\/#website\",\"url\":\"https:\/\/grimurkokkur.is\/\",\"name\":\"Gr\\u00edmur Kokkur\",\"description\":\"\",\"potentialAction\":[{\"@type\":\"SearchAction\",\"target\":\"https:\/\/grimurkokkur.is\/?s={search_term_string}\",\"query-input\":\"required name=search_term_string\"}],\"inLanguage\":\"en-US\"},{\"@type\":\"ImageObject\",\"@id\":\"https:\/\/grimurkokkur.is\/en\/product\/india-vegetable-cake\/#primaryimage\",\"inLanguage\":\"en-US\",\"url\":\"https:\/\/grimurkokkur.is\/wp-content\/uploads\/2020\/01\/buff-scaled.jpeg\",\"width\":1707,\"height\":2560},{\"@type\":\"WebPage\",\"@id\":\"https:\/\/grimurkokkur.is\/en\/product\/india-vegetable-cake\/#webpage\",\"url\":\"https:\/\/grimurkokkur.is\/en\/product\/india-vegetable-cake\/\",\"name\":\"India vegetable cake - Gr\\u00edmur Kokkur\",\"isPartOf\":{\"@id\":\"https:\/\/grimurkokkur.is\/#website\"},\"primaryImageOfPage\":{\"@id\":\"https:\/\/grimurkokkur.is\/en\/product\/india-vegetable-cake\/#primaryimage\"},\"datePublished\":\"2020-01-27T23:04:53+00:00\",\"dateModified\":\"2020-01-27T23:04:53+00:00\",\"inLanguage\":\"en-US\",\"potentialAction\":[{\"@type\":\"ReadAction\",\"target\":[\"https:\/\/grimurkokkur.is\/en\/product\/india-vegetable-cake\/\"]}]}]}<\/script>\n<!-- \/ Yoast SEO plugin. -->","_links":{"self":[{"href":"https:\/\/grimurkokkur.is\/en\/wp-json\/wp\/v2\/product\/850"}],"collection":[{"href":"https:\/\/grimurkokkur.is\/en\/wp-json\/wp\/v2\/product"}],"about":[{"href":"https:\/\/grimurkokkur.is\/en\/wp-json\/wp\/v2\/types\/product"}],"wp:featuredmedia":[{"embeddable":true,"href":"https:\/\/grimurkokkur.is\/en\/wp-json\/wp\/v2\/media\/707"}],"wp:attachment":[{"href":"https:\/\/grimurkokkur.is\/en\/wp-json\/wp\/v2\/media?parent=850"}],"curies":[{"name":"wp","href":"https:\/\/api.w.org\/{rel}","templated":true}]}}