{"id":852,"date":"2020-01-27T22:46:47","date_gmt":"2020-01-27T22:46:47","guid":{"rendered":"https:\/\/grimurkokkur.is\/product\/garlic-and-canneloni-bean-cake\/"},"modified":"2020-01-27T22:46:47","modified_gmt":"2020-01-27T22:46:47","slug":"garlic-and-canneloni-bean-cake","status":"publish","type":"product","link":"https:\/\/grimurkokkur.is\/en\/product\/garlic-and-canneloni-bean-cake\/","title":{"rendered":"Garlic and Canneloni bean cake"},"content":{"rendered":"<div class=\"vara-nofloat\">\n<div>G\u00f3ms\u00e6tt gr\u00e6nmetisbuff sem flj\u00f3tlegt er a\u00f0 hita upp og er r\u00edkt af b\u00e6\u00f0i pr\u00f3teinum og hollum fl\u00f3knum kolvetnum. G\u00f3\u00f0 vara fyrir \u00fe\u00e1 sem hugsa um heilsuna og hva\u00f0 \u00feeir bor\u00f0a. S\u00e9rlega lj\u00faffeng, hven\u00e6r sem er \u00e1rsins; grillu\u00f0 e\u00f0a ofnhitu\u00f0, me\u00f0 upp\u00e1haldsme\u00f0l\u00e6tinu.<\/div>\n<div><\/div>\n<\/div>\n<div class=\"vara-float\">\n<p><strong>Hentar mj\u00f6g vel \u00ed heilsugrill t.d George forman.<\/strong><\/p>\n<div>\u00a0\u00cd s\u00f6mu heilsul\u00ednu eru Kj\u00faklingabaunabuff og Gulr\u00f3ta- og linsubaunabuff.<\/div>\n<\/div>\n","protected":false},"excerpt":{"rendered":"<div><u><b>Ingredients:<\/b><\/u><b><\/b><\/div>\n<div>Hv\u00edtbaunir (49,6%), hr\u00edsgrj\u00f3n, laukur, vatn, gr\u00e6nmetiskraftur (sj\u00e1varsalt, ger, maltodextr\u00edn, p\u00e1lmafeiti, skessujurt, m\u00faskat bl\u00f3m, pipar), kart\u00f6flusterkja, hv\u00edtlaukur (2,5%). Steikt upp \u00far repjuol\u00edu.<\/div>\n<div><\/div>\n<div><b><u>Nutrition<\/u><\/b><strong><u>\u00a0value in 100g:<\/u><\/strong><\/div>\n<div>Orka 860 kJ \/ 205 kkal<\/div>\n<div>Fita 6,8 g<\/div>\n<div>&#8211; \u00fear af mettu\u00f0 fita 0,5 g<\/div>\n<div>Kolvetni 30,2 g<\/div>\n<div>&#8211; \u00fear af sykurtegundir 0,9 g<\/div>\n<div>Pr\u00f3tein 5,7 g<\/div>\n<div>Salt 0,9 g<\/div>\n","protected":false},"featured_media":715,"template":"","meta":[],"yoast_head":"<!-- This site is optimized with the Yoast SEO plugin v15.6.2 - https:\/\/yoast.com\/wordpress\/plugins\/seo\/ -->\n<title>Garlic and Canneloni bean cake - Gr\u00edmur Kokkur<\/title>\n<meta name=\"robots\" content=\"index, follow, max-snippet:-1, max-image-preview:large, max-video-preview:-1\" \/>\n<link rel=\"canonical\" href=\"https:\/\/grimurkokkur.is\/en\/product\/garlic-and-canneloni-bean-cake\/\" \/>\n<meta property=\"og:locale\" content=\"en_US\" \/>\n<meta property=\"og:type\" content=\"article\" \/>\n<meta property=\"og:title\" content=\"Garlic and Canneloni bean cake - Gr\u00edmur Kokkur\" \/>\n<meta property=\"og:description\" content=\"Ingredients: Hv\u00edtbaunir (49,6%), hr\u00edsgrj\u00f3n, laukur, vatn, gr\u00e6nmetiskraftur (sj\u00e1varsalt, ger, maltodextr\u00edn, p\u00e1lmafeiti, skessujurt, m\u00faskat bl\u00f3m, pipar), kart\u00f6flusterkja, hv\u00edtlaukur (2,5%). Steikt upp \u00far repjuol\u00edu.  Nutrition\u00a0value in 100g: Orka 860 kJ \/ 205 kkal Fita 6,8 g - \u00fear af mettu\u00f0 fita 0,5 g Kolvetni 30,2 g - \u00fear af sykurtegundir 0,9 g Pr\u00f3tein 5,7 g Salt 0,9 g\" \/>\n<meta property=\"og:url\" content=\"https:\/\/grimurkokkur.is\/en\/product\/garlic-and-canneloni-bean-cake\/\" \/>\n<meta property=\"og:site_name\" content=\"Gr\u00edmur Kokkur\" \/>\n<meta name=\"twitter:card\" content=\"summary_large_image\" \/>\n<script type=\"application\/ld+json\" class=\"yoast-schema-graph\">{\"@context\":\"https:\/\/schema.org\",\"@graph\":[{\"@type\":\"WebSite\",\"@id\":\"https:\/\/grimurkokkur.is\/#website\",\"url\":\"https:\/\/grimurkokkur.is\/\",\"name\":\"Gr\\u00edmur Kokkur\",\"description\":\"\",\"potentialAction\":[{\"@type\":\"SearchAction\",\"target\":\"https:\/\/grimurkokkur.is\/?s={search_term_string}\",\"query-input\":\"required name=search_term_string\"}],\"inLanguage\":\"en-US\"},{\"@type\":\"ImageObject\",\"@id\":\"https:\/\/grimurkokkur.is\/en\/product\/garlic-and-canneloni-bean-cake\/#primaryimage\",\"inLanguage\":\"en-US\",\"url\":\"https:\/\/grimurkokkur.is\/wp-content\/uploads\/2020\/01\/Hvi\\u0301tlauksoghvi\\u0301tbauna-scaled.jpeg\",\"width\":1707,\"height\":2560},{\"@type\":\"WebPage\",\"@id\":\"https:\/\/grimurkokkur.is\/en\/product\/garlic-and-canneloni-bean-cake\/#webpage\",\"url\":\"https:\/\/grimurkokkur.is\/en\/product\/garlic-and-canneloni-bean-cake\/\",\"name\":\"Garlic and Canneloni bean cake - Gr\\u00edmur Kokkur\",\"isPartOf\":{\"@id\":\"https:\/\/grimurkokkur.is\/#website\"},\"primaryImageOfPage\":{\"@id\":\"https:\/\/grimurkokkur.is\/en\/product\/garlic-and-canneloni-bean-cake\/#primaryimage\"},\"datePublished\":\"2020-01-27T22:46:47+00:00\",\"dateModified\":\"2020-01-27T22:46:47+00:00\",\"inLanguage\":\"en-US\",\"potentialAction\":[{\"@type\":\"ReadAction\",\"target\":[\"https:\/\/grimurkokkur.is\/en\/product\/garlic-and-canneloni-bean-cake\/\"]}]}]}<\/script>\n<!-- \/ Yoast SEO plugin. -->","_links":{"self":[{"href":"https:\/\/grimurkokkur.is\/en\/wp-json\/wp\/v2\/product\/852"}],"collection":[{"href":"https:\/\/grimurkokkur.is\/en\/wp-json\/wp\/v2\/product"}],"about":[{"href":"https:\/\/grimurkokkur.is\/en\/wp-json\/wp\/v2\/types\/product"}],"wp:featuredmedia":[{"embeddable":true,"href":"https:\/\/grimurkokkur.is\/en\/wp-json\/wp\/v2\/media\/715"}],"wp:attachment":[{"href":"https:\/\/grimurkokkur.is\/en\/wp-json\/wp\/v2\/media?parent=852"}],"curies":[{"name":"wp","href":"https:\/\/api.w.org\/{rel}","templated":true}]}}