{"id":853,"date":"2020-01-27T22:34:35","date_gmt":"2020-01-27T22:34:35","guid":{"rendered":"https:\/\/grimurkokkur.is\/product\/carrot-and-lentils-cake\/"},"modified":"2020-01-27T22:34:35","modified_gmt":"2020-01-27T22:34:35","slug":"carrot-and-lentils-cake","status":"publish","type":"product","link":"https:\/\/grimurkokkur.is\/en\/product\/carrot-and-lentils-cake\/","title":{"rendered":"Carrot and lentils cake"},"content":{"rendered":"<div class=\"vara-nofloat\">\n<div>G\u00f3ms\u00e6tt gr\u00e6nmetisbuff sem flj\u00f3tlegt er a\u00f0 hita upp og er r\u00edkt af b\u00e6\u00f0i pr\u00f3teinum og hollum fl\u00f3knum kolvetnum. G\u00f3\u00f0 vara fyrir \u00fe\u00e1 sem hugsa um heilsuna og hva\u00f0 \u00feeir bor\u00f0a.<\/div>\n<\/div>\n<div class=\"vara-float\">\n<div><strong>Hen<\/strong><strong>tar mj\u00f6g vel \u00ed heilsugrill t.d George forman.<\/strong><\/div>\n<p>\u00cd s\u00f6mu heilsul\u00ednu Hv\u00edtlauks- og hv\u00edtbaunabuff og Kj\u00faklingabaunabuff.<\/p>\n<p><strong>Gr\u00edmur kokkur m\u00e6lir me\u00f0 sem me\u00f0l\u00e6ti:<\/strong><\/p>\n<p>Heitri e\u00f0a kaldri s\u00f3su, hr\u00edsgrj\u00f3num e\u00f0a salati.<\/p>\n<\/div>\n","protected":false},"excerpt":{"rendered":"<div>\n<div>\n<p><u><b>Ingredients:<\/b><\/u><b><\/b><\/p>\n<p>Rau\u00f0ar linsubaunir (45,6%), gulr\u00e6tur (45,6%), laukur, vatn, appels\u00ednu\u00feykkni hreint, kart\u00f6flusterkja, gr\u00e6nmetiskraftur (sj\u00e1varsalt, ger, maltodextr\u00edn, p\u00e1lmafeiti, skessujurt, m\u00faskat bl\u00f3m, pipar),\u00a0<b><i>hveiti\u00a0<\/i><\/b>trefjar, hv\u00edtlaukur, timian. Steikt upp \u00far repjuol\u00edu.<\/p>\n<\/div>\n<\/div>\n<p>&nbsp;<\/p>\n<p><b><u>Nutrition<\/u><\/b><strong><u>\u00a0value in 100g:<\/u><\/strong><\/p>\n<p>Orka 960 kJ \/ 229 kkal,<br \/>\nFita 9,7 g<br \/>\n&#8211; \u00fear af mettu\u00f0 fita 0,7 g<br \/>\nKolvetni 29,7 g<br \/>\n&#8211; \u00fear af sykurtegundir 3,7 g<br \/>\nPr\u00f3tein 5,6 g<br \/>\nSalt 1,2 g<\/p>\n","protected":false},"featured_media":718,"template":"","meta":[],"yoast_head":"<!-- This site is optimized with the Yoast SEO plugin v15.6.2 - https:\/\/yoast.com\/wordpress\/plugins\/seo\/ -->\n<title>Carrot and lentils cake - Gr\u00edmur Kokkur<\/title>\n<meta name=\"robots\" content=\"index, follow, max-snippet:-1, max-image-preview:large, max-video-preview:-1\" \/>\n<link rel=\"canonical\" href=\"https:\/\/grimurkokkur.is\/en\/product\/carrot-and-lentils-cake\/\" \/>\n<meta property=\"og:locale\" content=\"en_US\" \/>\n<meta property=\"og:type\" content=\"article\" \/>\n<meta property=\"og:title\" content=\"Carrot and lentils cake - Gr\u00edmur Kokkur\" \/>\n<meta property=\"og:description\" content=\"Ingredients:  Rau\u00f0ar linsubaunir (45,6%), gulr\u00e6tur (45,6%), laukur, vatn, appels\u00ednu\u00feykkni hreint, kart\u00f6flusterkja, gr\u00e6nmetiskraftur (sj\u00e1varsalt, ger, maltodextr\u00edn, p\u00e1lmafeiti, skessujurt, m\u00faskat bl\u00f3m, pipar),\u00a0hveiti\u00a0trefjar, hv\u00edtlaukur, timian. Steikt upp \u00far repjuol\u00edu.    &nbsp;  Nutrition\u00a0value in 100g:  Orka 960 kJ \/ 229 kkal, Fita 9,7 g - \u00fear af mettu\u00f0 fita 0,7 g Kolvetni 29,7 g - \u00fear af sykurtegundir 3,7 g Pr\u00f3tein 5,6 g Salt 1,2 g\" \/>\n<meta property=\"og:url\" content=\"https:\/\/grimurkokkur.is\/en\/product\/carrot-and-lentils-cake\/\" \/>\n<meta property=\"og:site_name\" content=\"Gr\u00edmur Kokkur\" \/>\n<meta name=\"twitter:card\" content=\"summary_large_image\" \/>\n<script type=\"application\/ld+json\" class=\"yoast-schema-graph\">{\"@context\":\"https:\/\/schema.org\",\"@graph\":[{\"@type\":\"WebSite\",\"@id\":\"https:\/\/grimurkokkur.is\/#website\",\"url\":\"https:\/\/grimurkokkur.is\/\",\"name\":\"Gr\\u00edmur Kokkur\",\"description\":\"\",\"potentialAction\":[{\"@type\":\"SearchAction\",\"target\":\"https:\/\/grimurkokkur.is\/?s={search_term_string}\",\"query-input\":\"required name=search_term_string\"}],\"inLanguage\":\"en-US\"},{\"@type\":\"ImageObject\",\"@id\":\"https:\/\/grimurkokkur.is\/en\/product\/carrot-and-lentils-cake\/#primaryimage\",\"inLanguage\":\"en-US\",\"url\":\"https:\/\/grimurkokkur.is\/wp-content\/uploads\/2020\/01\/Gulro\\u0301talinsubauna-scaled.jpeg\",\"width\":1707,\"height\":2560},{\"@type\":\"WebPage\",\"@id\":\"https:\/\/grimurkokkur.is\/en\/product\/carrot-and-lentils-cake\/#webpage\",\"url\":\"https:\/\/grimurkokkur.is\/en\/product\/carrot-and-lentils-cake\/\",\"name\":\"Carrot and lentils cake - Gr\\u00edmur Kokkur\",\"isPartOf\":{\"@id\":\"https:\/\/grimurkokkur.is\/#website\"},\"primaryImageOfPage\":{\"@id\":\"https:\/\/grimurkokkur.is\/en\/product\/carrot-and-lentils-cake\/#primaryimage\"},\"datePublished\":\"2020-01-27T22:34:35+00:00\",\"dateModified\":\"2020-01-27T22:34:35+00:00\",\"inLanguage\":\"en-US\",\"potentialAction\":[{\"@type\":\"ReadAction\",\"target\":[\"https:\/\/grimurkokkur.is\/en\/product\/carrot-and-lentils-cake\/\"]}]}]}<\/script>\n<!-- \/ Yoast SEO plugin. -->","_links":{"self":[{"href":"https:\/\/grimurkokkur.is\/en\/wp-json\/wp\/v2\/product\/853"}],"collection":[{"href":"https:\/\/grimurkokkur.is\/en\/wp-json\/wp\/v2\/product"}],"about":[{"href":"https:\/\/grimurkokkur.is\/en\/wp-json\/wp\/v2\/types\/product"}],"wp:featuredmedia":[{"embeddable":true,"href":"https:\/\/grimurkokkur.is\/en\/wp-json\/wp\/v2\/media\/718"}],"wp:attachment":[{"href":"https:\/\/grimurkokkur.is\/en\/wp-json\/wp\/v2\/media?parent=853"}],"curies":[{"name":"wp","href":"https:\/\/api.w.org\/{rel}","templated":true}]}}