{"id":980,"date":"2024-09-26T13:10:06","date_gmt":"2024-09-26T13:10:06","guid":{"rendered":"https:\/\/grimurkokkur.is\/?post_type=product&#038;p=980"},"modified":"2024-11-01T14:25:00","modified_gmt":"2024-11-01T14:25:00","slug":"risotto-bollur-med-sveppa-chili-og-hvitlauksfyllingu","status":"publish","type":"product","link":"https:\/\/grimurkokkur.is\/en\/product\/risotto-bollur-med-sveppa-chili-og-hvitlauksfyllingu\/","title":{"rendered":"Risotto bollur me\u00f0 sveppa-, chili- og hv\u00edtlauksfyllingu"},"content":{"rendered":"<p>Einstaklega brag\u00f0g\u00f3\u00f0ar risotto bollur me\u00f0 sveppa-, chili- og hv\u00edtlauksfyllingu.<\/p>\n<p><strong>Upphitunara\u00f0fer\u00f0:<\/strong><\/p>\n<p>\u00cd ofni: 12-15 m\u00edn vi\u00f0 200\u00b0C<br \/>\n\u00cd airfryer: 10 m\u00edn vi\u00f0 200\u00b0C<\/p>\n<p>\u00deessi vara er seld \u00ed eftirfarandi pakkningum:<\/p>\n<p>5kg<br \/>\n12x800g<\/p>\n","protected":false},"excerpt":{"rendered":"<p><strong>Innihaldsefni<\/strong>:\u00a0 Risotto, vatn, laukur, jurtaostur (vatn, p\u00e1lmaol\u00eda, sterkja, mj\u00f3lkur pr\u00f3tein, salt, ostur (<strong>mj\u00f3lk)<\/strong>, litarefni (E160a), \u00fdruefni (E331), brag\u00f0efni), <strong>smj\u00f6r<\/strong>, sveppir, hv\u00edtv\u00edn, hv\u00edtlaukur, kj\u00f6tkraftur (vatnsrofin gr\u00e6nmetispr\u00f3tein (inniheldur <strong>soja<\/strong>), salt, p\u00e1lmaol\u00eda, m\u00faskat bl\u00f3m, <strong>seller\u00ed <\/strong>fr\u00e6), rj\u00f3maostur (<strong>undanrenna<\/strong>,<strong> \u00e1fir<\/strong>,<strong> rj\u00f3mi<\/strong>, salt, bindiefni (E412), rotvarnarefni (E202) mj\u00f3lkurs\u00fdrugerlar), kart\u00f6flusterkja, <strong>mj\u00f3lkurduft<\/strong>, chili mauk (rau\u00f0ur chili, s\u00fdrustillir (E260), rotvarnarefni (E211)), sveppakraftur (brag\u00f0aukandi efni (E621, E635)<\/p>\n<p>Steikt upp \u00far repjuol\u00edu.<\/p>\n<p><strong>N\u00e6ringargildi \u00ed 100 g<\/strong>:<\/p>\n<p>Orka 972,8 kj \/ 232,8 kkal,<br \/>\nFita 6,8g \u00fear af mettu\u00f0 fita 0,3g<br \/>\nKolvetni 38,4g,<br \/>\nProtein 4,5g,<br \/>\nSalt 1,3g<\/p>\n","protected":false},"featured_media":966,"template":"","meta":[],"yoast_head":"<!-- This site is optimized with the Yoast SEO plugin v15.6.2 - https:\/\/yoast.com\/wordpress\/plugins\/seo\/ -->\n<title>Risotto bollur me\u00f0 sveppa-, chili- og hv\u00edtlauksfyllingu - Gr\u00edmur Kokkur<\/title>\n<meta name=\"robots\" content=\"index, follow, max-snippet:-1, max-image-preview:large, max-video-preview:-1\" \/>\n<link rel=\"canonical\" href=\"https:\/\/grimurkokkur.is\/en\/product\/risotto-bollur-med-sveppa-chili-og-hvitlauksfyllingu\/\" \/>\n<meta property=\"og:locale\" content=\"en_US\" \/>\n<meta property=\"og:type\" content=\"article\" \/>\n<meta property=\"og:title\" content=\"Risotto bollur me\u00f0 sveppa-, chili- og hv\u00edtlauksfyllingu - Gr\u00edmur Kokkur\" \/>\n<meta property=\"og:description\" content=\"Innihaldsefni:\u00a0 Risotto, vatn, laukur, jurtaostur (vatn, p\u00e1lmaol\u00eda, sterkja, mj\u00f3lkur pr\u00f3tein, salt, ostur (mj\u00f3lk), litarefni (E160a), \u00fdruefni (E331), brag\u00f0efni), smj\u00f6r, sveppir, hv\u00edtv\u00edn, hv\u00edtlaukur, kj\u00f6tkraftur (vatnsrofin gr\u00e6nmetispr\u00f3tein (inniheldur soja), salt, p\u00e1lmaol\u00eda, m\u00faskat bl\u00f3m, seller\u00ed fr\u00e6), rj\u00f3maostur (undanrenna, \u00e1fir, rj\u00f3mi, salt, bindiefni (E412), rotvarnarefni (E202) mj\u00f3lkurs\u00fdrugerlar), kart\u00f6flusterkja, mj\u00f3lkurduft, chili mauk (rau\u00f0ur chili, s\u00fdrustillir (E260), rotvarnarefni (E211)), sveppakraftur (brag\u00f0aukandi efni (E621, E635)  Steikt upp \u00far repjuol\u00edu.  N\u00e6ringargildi \u00ed 100 g:  Orka 972,8 kj \/ 232,8 kkal, Fita 6,8g \u00fear af mettu\u00f0 fita 0,3g Kolvetni 38,4g, Protein 4,5g, Salt 1,3g\" \/>\n<meta property=\"og:url\" content=\"https:\/\/grimurkokkur.is\/product\/risotto-bollur-med-sveppa-chili-og-hvitlauksfyllingu\/\" \/>\n<meta property=\"og:site_name\" content=\"Gr\u00edmur Kokkur\" \/>\n<meta property=\"article:modified_time\" content=\"2024-11-01T14:25:00+00:00\" \/>\n<meta property=\"og:image\" content=\"https:\/\/grimurkokkur.is\/wp-content\/uploads\/2024\/09\/risotto_bollur.jpg\" \/>\n\t<meta property=\"og:image:width\" content=\"1365\" \/>\n\t<meta property=\"og:image:height\" content=\"2048\" \/>\n<meta name=\"twitter:card\" content=\"summary_large_image\" \/>\n<meta name=\"twitter:label1\" content=\"Est. reading time\">\n\t<meta name=\"twitter:data1\" content=\"1 minute\">\n<script type=\"application\/ld+json\" class=\"yoast-schema-graph\">{\"@context\":\"https:\/\/schema.org\",\"@graph\":[{\"@type\":\"WebSite\",\"@id\":\"https:\/\/grimurkokkur.is\/#website\",\"url\":\"https:\/\/grimurkokkur.is\/\",\"name\":\"Gr\\u00edmur Kokkur\",\"description\":\"\",\"potentialAction\":[{\"@type\":\"SearchAction\",\"target\":\"https:\/\/grimurkokkur.is\/?s={search_term_string}\",\"query-input\":\"required name=search_term_string\"}],\"inLanguage\":\"en-US\"},{\"@type\":\"ImageObject\",\"@id\":\"https:\/\/grimurkokkur.is\/product\/risotto-bollur-med-sveppa-chili-og-hvitlauksfyllingu\/#primaryimage\",\"inLanguage\":\"en-US\",\"url\":\"https:\/\/grimurkokkur.is\/wp-content\/uploads\/2024\/09\/risotto_bollur.jpg\",\"width\":1365,\"height\":2048},{\"@type\":\"WebPage\",\"@id\":\"https:\/\/grimurkokkur.is\/product\/risotto-bollur-med-sveppa-chili-og-hvitlauksfyllingu\/#webpage\",\"url\":\"https:\/\/grimurkokkur.is\/product\/risotto-bollur-med-sveppa-chili-og-hvitlauksfyllingu\/\",\"name\":\"Risotto bollur me\\u00f0 sveppa-, chili- og hv\\u00edtlauksfyllingu - Gr\\u00edmur Kokkur\",\"isPartOf\":{\"@id\":\"https:\/\/grimurkokkur.is\/#website\"},\"primaryImageOfPage\":{\"@id\":\"https:\/\/grimurkokkur.is\/product\/risotto-bollur-med-sveppa-chili-og-hvitlauksfyllingu\/#primaryimage\"},\"datePublished\":\"2024-09-26T13:10:06+00:00\",\"dateModified\":\"2024-11-01T14:25:00+00:00\",\"inLanguage\":\"en-US\",\"potentialAction\":[{\"@type\":\"ReadAction\",\"target\":[\"https:\/\/grimurkokkur.is\/product\/risotto-bollur-med-sveppa-chili-og-hvitlauksfyllingu\/\"]}]}]}<\/script>\n<!-- \/ Yoast SEO plugin. -->","_links":{"self":[{"href":"https:\/\/grimurkokkur.is\/en\/wp-json\/wp\/v2\/product\/980"}],"collection":[{"href":"https:\/\/grimurkokkur.is\/en\/wp-json\/wp\/v2\/product"}],"about":[{"href":"https:\/\/grimurkokkur.is\/en\/wp-json\/wp\/v2\/types\/product"}],"wp:featuredmedia":[{"embeddable":true,"href":"https:\/\/grimurkokkur.is\/en\/wp-json\/wp\/v2\/media\/966"}],"wp:attachment":[{"href":"https:\/\/grimurkokkur.is\/en\/wp-json\/wp\/v2\/media?parent=980"}],"curies":[{"name":"wp","href":"https:\/\/api.w.org\/{rel}","templated":true}]}}