{"id":981,"date":"2024-09-26T13:22:20","date_gmt":"2024-09-26T13:22:20","guid":{"rendered":"https:\/\/grimurkokkur.is\/?post_type=product&#038;p=981"},"modified":"2024-11-01T14:24:59","modified_gmt":"2024-11-01T14:24:59","slug":"saltfisk-krokettur-med-hvitlauks-dodlu-og-balsamikfyllingu","status":"publish","type":"product","link":"https:\/\/grimurkokkur.is\/en\/product\/saltfisk-krokettur-med-hvitlauks-dodlu-og-balsamikfyllingu\/","title":{"rendered":"Saltfisk kr\u00f3kettur me\u00f0 hv\u00edtlauks-, d\u00f6\u00f0lu og balsamikfyllingu"},"content":{"rendered":"<p>\u00cd \u00feessum r\u00e9tti er \u00edslenski saltfiskurinn \u00ed n\u00fdju hlutverki og n\u00fdtur s\u00edn vel me\u00f0 brag\u00f0g\u00f3\u00f0ri fyllingunni. Saltfisk kr\u00f3ketturnar eru g\u00f3\u00f0ar sem m\u00e1lt\u00ed\u00f0 og einnig sem sm\u00e1r\u00e9ttir \u00ed veislum, st\u00f3rum sem sm\u00e1um.<\/p>\n<p><strong>Upphitunara\u00f0fer\u00f0:<\/strong><\/p>\n<p>\u00cd airfryer \u00ed 10 m\u00edn\u00fatur vi\u00f0 200\u00b0C.<br \/>\n\u00cd ofni \u00ed 15 \u2013 20 m\u00edn\u00fatur vi\u00f0 180\u00b0C.<br \/>\n\u00cd \u00f6rbylguofni 3 \u2013 5 m\u00edn\u00fatur.<\/p>\n<p>\u00deessi vara er seld \u00ed eftirfarandi pakkningum:<\/p>\n<p>5kg<br \/>\n12x800g<\/p>\n","protected":false},"excerpt":{"rendered":"<p><strong>Innihaldsefni: Fiskur: <\/strong>\u00feorskur og \u00fdsa (45%), laukur, kryddblanda (<strong>hveiti<\/strong>, kart\u00f6flusterkja, salt, lakt\u00f3si (\u00far <strong>mj\u00f3lk<\/strong>), brag\u00f0efni, pipar, <strong>seller\u00ed<\/strong>, k\u00fark\u00fama, s\u00f3lbl\u00f3maol\u00eda, hv\u00edtlauksduft, laukduft, kekkjavarnarefni (E551)), <strong>hveiti<\/strong> trefjar, <strong>egg <\/strong>(rotvarnarefni (E211), s\u00fdra (E330)), d\u00f6\u00f0lur, hv\u00edtlaukur, <strong>smj\u00f6r<\/strong> (rj\u00f3mi, salt), balsamik edik<strong>.<\/strong> Steikt upp \u00far repjuol\u00edu.<\/p>\n<p><strong>N\u00e6ringargildi \u00ed 100 g<\/strong>:<\/p>\n<p>Orka 936kJ \/ 224 kkal,<br \/>\nFita 10 g, \u00fear af mettu\u00f0 fita 0,3 g,<br \/>\nKolvetni 25,2 g, \u00fear af sykurtegundir 1,2 g,<br \/>\nPr\u00f3tein 8,3 g,<br \/>\nSalt 1,4 g<\/p>\n","protected":false},"featured_media":968,"template":"","meta":[],"yoast_head":"<!-- This site is optimized with the Yoast SEO plugin v15.6.2 - https:\/\/yoast.com\/wordpress\/plugins\/seo\/ -->\n<title>Saltfisk kr\u00f3kettur me\u00f0 hv\u00edtlauks-, d\u00f6\u00f0lu og balsamikfyllingu - Gr\u00edmur Kokkur<\/title>\n<meta name=\"robots\" content=\"index, follow, max-snippet:-1, max-image-preview:large, max-video-preview:-1\" \/>\n<link rel=\"canonical\" href=\"https:\/\/grimurkokkur.is\/en\/product\/saltfisk-krokettur-med-hvitlauks-dodlu-og-balsamikfyllingu\/\" \/>\n<meta property=\"og:locale\" content=\"en_US\" \/>\n<meta property=\"og:type\" content=\"article\" \/>\n<meta property=\"og:title\" content=\"Saltfisk kr\u00f3kettur me\u00f0 hv\u00edtlauks-, d\u00f6\u00f0lu og balsamikfyllingu - Gr\u00edmur Kokkur\" \/>\n<meta property=\"og:description\" content=\"Innihaldsefni: Fiskur: \u00feorskur og \u00fdsa (45%), laukur, kryddblanda (hveiti, kart\u00f6flusterkja, salt, lakt\u00f3si (\u00far mj\u00f3lk), brag\u00f0efni, pipar, seller\u00ed, k\u00fark\u00fama, s\u00f3lbl\u00f3maol\u00eda, hv\u00edtlauksduft, laukduft, kekkjavarnarefni (E551)), hveiti trefjar, egg (rotvarnarefni (E211), s\u00fdra (E330)), d\u00f6\u00f0lur, hv\u00edtlaukur, smj\u00f6r (rj\u00f3mi, salt), balsamik edik. Steikt upp \u00far repjuol\u00edu.  N\u00e6ringargildi \u00ed 100 g:  Orka 936kJ \/ 224 kkal, Fita 10 g, \u00fear af mettu\u00f0 fita 0,3 g, Kolvetni 25,2 g, \u00fear af sykurtegundir 1,2 g, Pr\u00f3tein 8,3 g, Salt 1,4 g\" \/>\n<meta property=\"og:url\" content=\"https:\/\/grimurkokkur.is\/product\/saltfisk-krokettur-med-hvitlauks-dodlu-og-balsamikfyllingu\/\" \/>\n<meta property=\"og:site_name\" content=\"Gr\u00edmur Kokkur\" \/>\n<meta property=\"article:modified_time\" content=\"2024-11-01T14:24:59+00:00\" \/>\n<meta property=\"og:image\" content=\"https:\/\/grimurkokkur.is\/wp-content\/uploads\/2024\/09\/saltfisk_krokettur.jpg\" \/>\n\t<meta property=\"og:image:width\" content=\"2048\" \/>\n\t<meta property=\"og:image:height\" content=\"1365\" \/>\n<meta name=\"twitter:card\" content=\"summary_large_image\" \/>\n<meta name=\"twitter:label1\" content=\"Est. reading time\">\n\t<meta name=\"twitter:data1\" content=\"1 minute\">\n<script type=\"application\/ld+json\" class=\"yoast-schema-graph\">{\"@context\":\"https:\/\/schema.org\",\"@graph\":[{\"@type\":\"WebSite\",\"@id\":\"https:\/\/grimurkokkur.is\/#website\",\"url\":\"https:\/\/grimurkokkur.is\/\",\"name\":\"Gr\\u00edmur Kokkur\",\"description\":\"\",\"potentialAction\":[{\"@type\":\"SearchAction\",\"target\":\"https:\/\/grimurkokkur.is\/?s={search_term_string}\",\"query-input\":\"required name=search_term_string\"}],\"inLanguage\":\"en-US\"},{\"@type\":\"ImageObject\",\"@id\":\"https:\/\/grimurkokkur.is\/product\/saltfisk-krokettur-med-hvitlauks-dodlu-og-balsamikfyllingu\/#primaryimage\",\"inLanguage\":\"en-US\",\"url\":\"https:\/\/grimurkokkur.is\/wp-content\/uploads\/2024\/09\/saltfisk_krokettur.jpg\",\"width\":2048,\"height\":1365},{\"@type\":\"WebPage\",\"@id\":\"https:\/\/grimurkokkur.is\/product\/saltfisk-krokettur-med-hvitlauks-dodlu-og-balsamikfyllingu\/#webpage\",\"url\":\"https:\/\/grimurkokkur.is\/product\/saltfisk-krokettur-med-hvitlauks-dodlu-og-balsamikfyllingu\/\",\"name\":\"Saltfisk kr\\u00f3kettur me\\u00f0 hv\\u00edtlauks-, d\\u00f6\\u00f0lu og balsamikfyllingu - Gr\\u00edmur Kokkur\",\"isPartOf\":{\"@id\":\"https:\/\/grimurkokkur.is\/#website\"},\"primaryImageOfPage\":{\"@id\":\"https:\/\/grimurkokkur.is\/product\/saltfisk-krokettur-med-hvitlauks-dodlu-og-balsamikfyllingu\/#primaryimage\"},\"datePublished\":\"2024-09-26T13:22:20+00:00\",\"dateModified\":\"2024-11-01T14:24:59+00:00\",\"inLanguage\":\"en-US\",\"potentialAction\":[{\"@type\":\"ReadAction\",\"target\":[\"https:\/\/grimurkokkur.is\/product\/saltfisk-krokettur-med-hvitlauks-dodlu-og-balsamikfyllingu\/\"]}]}]}<\/script>\n<!-- \/ Yoast SEO plugin. -->","_links":{"self":[{"href":"https:\/\/grimurkokkur.is\/en\/wp-json\/wp\/v2\/product\/981"}],"collection":[{"href":"https:\/\/grimurkokkur.is\/en\/wp-json\/wp\/v2\/product"}],"about":[{"href":"https:\/\/grimurkokkur.is\/en\/wp-json\/wp\/v2\/types\/product"}],"wp:featuredmedia":[{"embeddable":true,"href":"https:\/\/grimurkokkur.is\/en\/wp-json\/wp\/v2\/media\/968"}],"wp:attachment":[{"href":"https:\/\/grimurkokkur.is\/en\/wp-json\/wp\/v2\/media?parent=981"}],"curies":[{"name":"wp","href":"https:\/\/api.w.org\/{rel}","templated":true}]}}